{"id":1566,"date":"2025-10-29T08:21:23","date_gmt":"2025-10-29T07:21:23","guid":{"rendered":"https:\/\/p-afkfsz.project.space\/over-ons\/"},"modified":"2026-02-19T14:01:21","modified_gmt":"2026-02-19T13:01:21","slug":"ueber-uns","status":"publish","type":"page","link":"https:\/\/www.packners.com\/nl\/ueber-uns\/","title":{"rendered":"Over ons"},"content":{"rendered":"<section class=\"l-section wpb_row height_huge width_full with_img\"><div class=\"l-section-img\" role=\"img\" aria-label=\"Afbeelding\" data-img-width=\"2560\" data-img-height=\"1707\" style=\"background-image: url(https:\/\/www.packners.com\/wp-content\/uploads\/2026\/02\/PACKNERS_Maschinenpark_2025-31-scaled.jpg);background-position: bottom center;\"><\/div><div class=\"l-section-h i-cf\"><div class=\"g-cols vc_row via_flex valign_top type_default stacking_default\"><div class=\"vc_col-sm-12 wpb_column vc_column_container\"><div class=\"vc_column-inner\"><div class=\"wpb_wrapper\"><div class=\"w-separator size_custom\" style=\"height:300px\"><\/div><\/div><\/div><\/div><\/div><\/div><\/section><section class=\"l-section wpb_row height_medium\"><div class=\"l-section-h i-cf\"><div class=\"g-cols vc_row via_flex valign_top type_default stacking_default\"><div class=\"vc_col-sm-12 wpb_column vc_column_container\"><div class=\"vc_column-inner us_custom_de366d1c us_animate_this\"><div class=\"wpb_wrapper\"><div class=\"w-text us_custom_2d4ca578 has_text_color\"><span class=\"w-text-h\"><span class=\"w-text-value\">Over ons<\/span><\/span><\/div><div class=\"wpb_text_column\"><div class=\"wpb_wrapper\"><h2 class=\"h1-like\" style=\"text-align: center;\">\u201cIS DIT GOLFKARTON OF KAN HET WEG?\u201d<\/h2>\n<\/div><\/div><div class=\"w-separator size_medium\"><\/div><div class=\"g-cols wpb_row via_flex valign_top type_default stacking_default\"><div class=\"vc_col-sm-12 wpb_column vc_column_container\"><div class=\"vc_column-inner us_custom_60e9caca us_animate_this\"><div class=\"wpb_wrapper\"><div class=\"wpb_text_column\"><div class=\"wpb_wrapper\"><p class=\"p1\" style=\"text-align: center;\">Natuurlijk kun je tegenwoordig niet meer om kartonnen verpakkingen heen. Maar waarom zou je dat ook doen? Geen enkele andere verpakking biedt zoveel bescherming tegen zo\u2019n lage investering en voldoet aan zulke hoge milieueisen \u2013 als je het ons vraagt. Daarom draait bij ons sinds dag 1 alles om dit talloze keren gerecyclede materiaal.   <\/p>\n<p class=\"p1\" style=\"text-align: center;\">En daaruit kunnen zo ontzettend veel verpakkingen worden gemaakt, dat het ons elke dag weer een beetje verbaast. Maar uiteindelijk is het alleen belangrijk dat onze \u201cslimme dozen\u201d precies zijn wat onze klanten willen \u2013 ontwikkeld en geproduceerd voor hun productieprocessen en hun producten. <\/p>\n<\/div><\/div><\/div><\/div><\/div><\/div><\/div><\/div><\/div><\/div><\/div><\/section><section class=\"l-section wpb_row us_custom_c363439e has_text_color height_small color_alternate\"><div class=\"l-section-h i-cf\"><div class=\"g-cols vc_row via_flex valign_top type_default stacking_default\"><div class=\"vc_col-sm-12 wpb_column vc_column_container\"><div class=\"vc_column-inner\"><div class=\"wpb_wrapper\"><div class=\"g-cols wpb_row via_flex valign_top type_default stacking_default\"><div class=\"vc_col-sm-12 wpb_column vc_column_container\"><div class=\"vc_column-inner\"><div class=\"wpb_wrapper\"><div class=\"wpb_text_column\"><div class=\"wpb_wrapper\"><blockquote>\n<h3 style=\"text-align: center;\">Wij zijn een vrij sympathiek familiebedrijf met de mogelijkheden van de \u201cgrote\u201d spelers, en met de flexibiliteit van een \u201ckleinere\u201d onderneming.<\/h3>\n<\/blockquote>\n<\/div><\/div><\/div><\/div><\/div><\/div><\/div><\/div><\/div><\/div><\/div><\/section><section class=\"l-section wpb_row height_medium\"><div class=\"l-section-h i-cf\"><div class=\"g-cols vc_row via_flex valign_top type_default stacking_default\" style=\"--additional-gap:20px;\"><div class=\"vc_col-sm-12 wpb_column vc_column_container\"><div class=\"vc_column-inner\"><div class=\"wpb_wrapper\"><div class=\"g-cols wpb_row via_flex valign_top type_default stacking_default\"><div class=\"vc_col-sm-4 wpb_column vc_column_container\"><div class=\"vc_column-inner\"><div class=\"wpb_wrapper\"><div class=\"wpb_text_column h1-like\"><div class=\"wpb_wrapper\"><p style=\"text-align: left;\">Een beetje trots op alles.<\/p>\n<\/div><\/div><div class=\"w-separator size_small\"><\/div><div class=\"wpb_text_column\"><div class=\"wpb_wrapper\"><p class=\"p1\">Al het eerste <a href=\"https:\/\/www.packners.com\/nl\/locaties\/emsbueren\/\" target=\"_blank\" rel=\"noopener\">Packners-bedrijf in Sch\u00fcttorf<\/a>, waar in 2010 de productie van golfkartonverpakkingen begon, werd door sommigen als een van de modernste in Europa beschouwd. En met de verhuizing naar het helemaal nieuwe bedrijf in het nabijgelegen Emsb\u00fcren kunnen we die reputatie waarschijnlijk nog een paar jaar behouden.<\/p>\n<p class=\"p1\">Trefwoord <strong>\u2018IT-nerds<\/strong>\u2018: dat komt ook door de geavanceerde IT die speciaal voor ons is aangepast en ervoor zorgt dat alles wat geautomatiseerd kan worden, ook geautomatiseerd wordt. U kunt zich voorstellen dat leveranciersgestuurd voorraadbeheer (VMI) en elektronische gegevensoverdracht (EDI) voor ons de norm zijn. <\/p>\n<\/div><\/div><\/div><\/div><\/div><div class=\"vc_col-sm-8 wpb_column vc_column_container\"><div class=\"vc_column-inner\"><div class=\"wpb_wrapper\"><div class=\"w-separator size_large\"><\/div><div class=\"w-image us_custom_5a517404 hide_on_tablets hide_on_mobiles has_ratio align_center\"><div class=\"w-image-h\"><div style=\"padding-bottom:56.25%\"><\/div><img decoding=\"async\" width=\"500\" height=\"258\" src=\"https:\/\/www.packners.com\/wp-content\/uploads\/2026\/01\/packners-werk-schuettorf-aussenansicht.webp\" class=\"attachment-large size-large\" alt=\"Au\u00dfenansicht Packners-Geb\u00e4ude mit gro\u00dfem Logo an der Fassade bei blauem Himmel.\" loading=\"lazy\"><\/div><\/div><\/div><\/div><\/div><\/div><\/div><\/div><\/div><\/div><\/div><\/section><section class=\"l-section wpb_row us_custom_eac59c77 height_medium\"><div class=\"l-section-h i-cf\"><div class=\"g-cols vc_row via_flex valign_top type_default stacking_default\"><div class=\"vc_col-sm-12 wpb_column vc_column_container\"><div class=\"vc_column-inner\"><div class=\"wpb_wrapper\"><div class=\"g-cols wpb_row via_flex valign_top type_default stacking_default\"><div class=\"vc_col-sm-12 wpb_column vc_column_container\"><div class=\"vc_column-inner\"><div class=\"wpb_wrapper\"><div class=\"wpb_text_column h1-like\"><div class=\"wpb_wrapper\"><p style=\"text-align: left;\">Wij zijn echte grenswerkers.<\/p>\n<\/div><\/div><div class=\"wpb_text_column\"><div class=\"wpb_wrapper\"><p style=\"text-align: left;\">Dankzij onze ligging aan de Duits-Nederlandse grens leveren wij aan klanten in zowel Duitsland als Nederland \u2013 naar keuze vanuit onze <a href=\"https:\/\/www.packners.com\/nl\/locaties\/emsbueren\/\">fabriek in Emsb\u00fcren (Emsland)<\/a> of vanuit <a href=\"https:\/\/www.packners.com\/nl\/locaties\/coevorden\/\">Coevorden (provincie Drenthe, Nederland)<\/a>, afhankelijk van de omvang van de order of de specificaties van de dozen.<\/p>\n<p style=\"text-align: left;\">Daarbij vullen we elkaar optimaal aan: in Emsb\u00fcren is er capaciteit voor grote aantallen, uit de zusterfabriek in Coevorden \u2013 ook bekend onder de naam Bannink Packaging en al tientallen jaren actief op de Nederlandse markt \u2013 komen middelgrote en kleinere volumes kartonnen verpakkingen en verpakkingsmateriaal. En als het om voetbal gaat, zijn we heel pragmatisch en kiezen we naar keuze voor \u2018Nederland\u2019 of \u2018Duitsland\u2019. Maar in ieder geval zijn we \u2018golfkarton\u2019.  <\/p>\n<\/div><\/div><\/div><\/div><\/div><\/div><div class=\"w-separator size_small\"><\/div><\/div><\/div><\/div><\/div><\/div><\/section><section class=\"l-section wpb_row height_medium\"><div class=\"l-section-h i-cf\"><div class=\"g-cols vc_row via_flex valign_top type_default stacking_default\"><div class=\"vc_col-sm-12 wpb_column vc_column_container\"><div class=\"vc_column-inner\"><div class=\"wpb_wrapper\"><div class=\"g-cols wpb_row via_flex valign_top type_default stacking_default\"><div class=\"vc_col-sm-8 wpb_column vc_column_container\"><div class=\"vc_column-inner\"><div class=\"wpb_wrapper\"><div class=\"wpb_text_column\"><div class=\"wpb_wrapper\"><h2>Zekerheid door back-up productiecapaciteiten!<\/h2>\n<p>Een andere troef die we in handen hebben, is het Europese netwerk van de <a href=\"https:\/\/www.saica.com\/en\/\" target=\"_blank\" rel=\"noopener\">SAICA Group<\/a>, waar we sinds enkele jaren deel van uitmaken: dit biedt tientallen back-up productiecapaciteiten voor noodgevallen (je kunt nooit voorzichtig genoeg zijn) en geeft onze klanten tegelijkertijd de mogelijkheid om in heel Europa te worden beleverd.<\/p>\n<\/div><\/div><\/div><\/div><\/div><div class=\"vc_col-sm-4 wpb_column vc_column_container\"><div class=\"vc_column-inner\"><div class=\"wpb_wrapper\"><div class=\"wpb_text_column us_custom_d08f8250 has_text_color\"><div class=\"wpb_wrapper\"><h3>Het wordt [P\u00e4ck:nass] uitgesproken.<\/h3>\n<p>Sinds 2010 proberen velen, vaak tevergeefs, onze naam correct uit te spreken \u2013 hier willen we waardevolle ondersteuning bieden. Om maar meteen met de deur in huis te vallen: we spreken niet uit als [Packnaahs]. Packners is een kunstwoord dat aangeeft wat we voor onze klanten willen zijn: Packaging Partners. En daarmee is ook de vraag over de uitspraak beantwoord. De oplossing is: [P\u00e4ck:nass].<\/p>\n<\/div><\/div><\/div><\/div><\/div><\/div><div class=\"g-cols wpb_row via_flex valign_top type_default stacking_default\"><div class=\"vc_col-sm-4 wpb_column vc_column_container\"><div class=\"vc_column-inner\"><div class=\"wpb_wrapper\"><div class=\"w-grid us_post_list type_grid layout_879 cols_1 preload_style_spinner open_items_in_popup ratio_16x9\" id=\"us_post_list_w8f4\" style=\"--columns:1;--gap:1.5rem;--item-ratio:0.5625;\"><style>.layout_879 .w-grid-item-h{background:var(--color-header-transparent-text-hover)}.layout_879 .usg_html_1{transition-duration:1.5s;transform-origin:50% 50%;transform:scale(0.95) translate(0%,0%)}.layout_879 .w-grid-item-h:focus-within .usg_html_1,.layout_879 .w-grid-item-h:hover .usg_html_1{transform:scale(1.15) translate(0%,0%);opacity:1}<\/style><div class=\"w-grid-list\">\t<article class=\"w-grid-item size_1x1 post-1361 post type-post status-publish format-standard has-post-thumbnail hentry category-ongecategoriseerd\" data-id=\"1361\">\r\n\t\t<div class=\"w-grid-item-h\">\r\n\t\t\t\t\t\t\t<a href=\"https:\/\/www.packners.com\/nl\/hier-ontvouwt-zich-geschiedenis\/\" class=\"w-grid-item-anchor\" aria-label=\"Hier ontvouwt zich geschiedenis\"><\/a>\r\n\t\t\t\t\t\t<div class=\"w-html usg_html_1\"><div class=\"kndr-icon-title\">\n  <i class=\"fas fa-expand-wide\"><\/i>\n\n  <h3 class=\"kndr-tile-title\">\n    HIER ONTWIKKELT ZICH GESCHIEDENIS\n  <\/h3>\n<\/div>\n\n<style>\n.kndr-icon-title{\n  display:flex;\n  flex-direction:column;\n  align-items:center;\n  justify-content:center;\n  height:100%;\n  min-height:240px;\n}\n\n.kndr-icon-title i{\n  font-size:50px;\n  color:#ffffff;\n  line-height:1;\n  margin-bottom:12px;\n}\n\n.kndr-tile-title{\n  margin:0;\n  font-weight:800;\n  font-size:28px;\n  line-height:1.2;\n  letter-spacing:.4px;\n  text-transform:uppercase;\n  color:#ffffff;\n  text-align:center;\n}\n<\/style>\n<\/div>\t\t<\/div>\r\n\t\t\t<\/article>\r\n<\/div><div class=\"l-popup\">\r\n\t<div class=\"l-popup-overlay\"><\/div>\r\n\t<div class=\"l-popup-wrap\">\r\n\t\t<button class=\"l-popup-closer\" type=\"button\" aria-label=\"Sluiten\"><\/button>\r\n\t\t\t\t<div class=\"l-popup-box\">\r\n\t\t\t<div class=\"l-popup-box-content\" style=\"max-width:600px;\">\r\n\t\t\t\t<div class=\"g-preloader type_custom\">\r\n\t\t\t\t\t<div><img loading=\"lazy\" decoding=\"async\" width=\"100\" height=\"100\" src=\"https:\/\/www.packners.com\/wp-content\/uploads\/2025\/10\/Packners-Favicon.webp\" class=\"attachment-medium size-medium\" alt=\"\"><\/div>\r\n\t\t\t\t<\/div>\r\n\t\t\t\t<iframe class=\"l-popup-box-content-frame\" allowfullscreen><\/iframe>\r\n\t\t\t<\/div>\r\n\t\t<\/div>\r\n\t<\/div>\r\n<\/div>\r\n<div class=\"g-loadmore hidden\"><div class=\"g-preloader type_1\"><div><\/div><\/div><\/div><div class=\"w-grid-list-json hidden\" onclick='return {\"max_num_pages\":0,\"paginationBase\":\"page\",\"pagination\":\"none\",\"paged\":1,\"ajaxData\":{\"action\":\"us_ajax_post_list\",\"meta_type\":\"post\",\"object_id\":0,\"template_vars\":{\"shortcode_base\":\"us_post_list\",\"paged\":1,\"max_num_pages\":0,\"no_results\":false,\"us_post_content_design_css\":[],\"found_posts\":0,\"items_count\":1,\"source\":\"post__in\",\"custom_field_name\":\"\",\"ids\":\"873\",\"post_type\":\"post\",\"attachment_ids\":null,\"include_post_thumbnail\":0,\"post_author\":\"any\",\"post_author_ids\":\"\",\"apply_url_params\":0,\"ignore_sticky_posts\":1,\"exclude_children\":0,\"exclude_current_post\":1,\"exclude_prev_posts\":0,\"exclude_past_events\":0,\"enable_items_offset\":0,\"items_offset\":\"1\",\"tax_query_relation\":\"none\",\"tax_query\":[{\"operator\":\"IN\",\"taxonomy\":\"category\",\"terms\":\"\",\"include_children\":0}],\"meta_query_relation\":\"none\",\"meta_query\":[{\"key\":\"custom_field_name\",\"compare\":\"=\",\"value\":\"\"}],\"orderby\":\"date\",\"orderby_custom_field\":\"\",\"orderby_custom_type\":0,\"order_invert\":0,\"show_all\":0,\"quantity\":\"1\",\"posts_per_archive_page\":0,\"no_items_action\":\"message\",\"no_items_message\":\"Geen resultaten gevonden.\",\"no_items_page_block\":\"\",\"pagination\":\"none\",\"pagination_style\":\"\",\"pagination_btn_text\":\"Laad meer\",\"pagination_btn_size\":\"\",\"pagination_btn_style\":\"1\",\"pagination_btn_fullwidth\":0,\"items_layout\":\"879\",\"type\":\"grid\",\"items_valign\":0,\"ignore_items_size\":0,\"columns\":\"1\",\"items_gap\":\"1.5rem\",\"load_animation\":\"none\",\"items_preload_style\":\"spinner\",\"img_size\":\"default\",\"title_size\":\"\",\"items_ratio\":\"16x9\",\"items_ratio_width\":\"21\",\"items_ratio_height\":\"9\",\"overriding_link\":\"%7B%22type%22%3A%22popup_post%22%7D\",\"popup_page_template\":\"0\",\"popup_width\":\"600px\",\"popup_arrows\":\"0\",\"breakpoint_1_width\":\"1381px\",\"breakpoint_1_cols\":\"default\",\"breakpoint_1_quantity\":\"\",\"breakpoint_1_gap\":\"\",\"breakpoint_2_width\":\"1025px\",\"breakpoint_2_cols\":\"2\",\"breakpoint_2_quantity\":\"\",\"breakpoint_2_gap\":\"\",\"breakpoint_3_width\":\"601px\",\"breakpoint_3_cols\":\"1\",\"breakpoint_3_quantity\":\"\",\"breakpoint_3_gap\":\"\",\"conditions_operator\":\"always\",\"conditions\":[],\"css\":null,\"el_class\":\"\",\"el_id\":\"\",\"enable_custom_html_atts\":0,\"custom_html_atts\":null,\"hide_on_states\":\"\",\"hide_for_sticky\":0,\"hide_for_not_sticky\":0,\"hide_below\":\"0px\",\"hide_above\":\"0px\",\"classes\":\"\"}},\"facetedFilter\":[]}'><\/div><\/div><\/div><\/div><\/div><div class=\"vc_col-sm-8 wpb_column vc_column_container\"><div class=\"vc_column-inner\"><div class=\"wpb_wrapper\"><div class=\"wpb_text_column\"><div class=\"wpb_wrapper\"><h2 class=\"p1\">Dat is de waarheid.<\/h2>\n<p class=\"p1\">Wij zijn gestart om klanten gelukkig te maken. Want gelukkige klanten betekenen ook een gelukkig Packners. Maar hoe bereikt men die hoogste tevredenheid? Voor ons is de zaak duidelijk: wij willen altijd een beetje beter zijn dan de anderen. Dat betekent goede prijzen, de beste kwaliteit, betrouwbaarheid in de hoogste mate en de meest sympathieke en gemotiveerde medewerkers die je kunt vinden. Het betekent echter ook dat je elke dag opnieuw aan je effici\u00ebntie werkt.     <\/p>\n<p class=\"p1\"><strong>Wij leggen de focus op innovaties, investeringen en ons engagement als het gaat om toekomst- en competitief te blijven.<\/strong><\/p>\n<\/div><\/div><\/div><\/div><\/div><\/div><\/div><\/div><\/div><\/div><\/div><\/section><section class=\"l-section wpb_row height_medium\"><div class=\"l-section-h i-cf\"><div class=\"g-cols vc_row via_flex valign_top type_default stacking_default\"><div class=\"vc_col-sm-12 wpb_column vc_column_container\"><div class=\"vc_column-inner\"><div class=\"wpb_wrapper\"><div class=\"w-actionbox us_custom_7a55a902 has_text_color color_primary controls_right\"><div class=\"w-actionbox-text\"><h3 class=\"w-actionbox-title\">Is dat genoeg?<\/h3><div class=\"w-actionbox-description\"><p><strong>Nee, toch?<\/strong><\/p>\n<p>We kunnen ons voorstellen dat u nu spontaan de behoefte voelt om contact met ons op te nemen. Niets is eenvoudiger dan dat! We hebben daarvoor een knop geplaatst \u2013 klik er gewoon op.<\/p>\n<\/div><\/div><div class=\"w-actionbox-controls\"><a class=\"w-btn us-btn-style_1\" href=\"https:\/\/www.packners.com\/nl\/contact\/#start\"><span class=\"w-btn-label\">Contact<\/span><\/a><\/div><\/div><\/div><\/div><\/div><\/div><\/div><\/section>\n","protected":false},"excerpt":{"rendered":"Wij beitelen geschiedenis niet in steen, we schrijven het op karton. Packners en de Kluge Kiste, een tijdgeschiedenis die begint in 105 na Chr.: 105 na Chr.1871 na Chr.1948 na Chr.1971 na Chr.2007 na Chr.2009 na Chr.2010 na Chr.2010 na Chr.2015 na Chr.2019 na Chr.2021 na Chr.2023 na Chr.105 na Chr.De uitvinding van het papier...","protected":false},"author":2,"featured_media":2976,"parent":0,"menu_order":0,"comment_status":"closed","ping_status":"closed","template":"","meta":{"_acf_changed":false,"footnotes":""},"class_list":["post-1566","page","type-page","status-publish","has-post-thumbnail","hentry"],"acf":[],"_links":{"self":[{"href":"https:\/\/www.packners.com\/nl\/wp-json\/wp\/v2\/pages\/1566","targetHints":{"allow":["GET"]}}],"collection":[{"href":"https:\/\/www.packners.com\/nl\/wp-json\/wp\/v2\/pages"}],"about":[{"href":"https:\/\/www.packners.com\/nl\/wp-json\/wp\/v2\/types\/page"}],"author":[{"embeddable":true,"href":"https:\/\/www.packners.com\/nl\/wp-json\/wp\/v2\/users\/2"}],"replies":[{"embeddable":true,"href":"https:\/\/www.packners.com\/nl\/wp-json\/wp\/v2\/comments?post=1566"}],"version-history":[{"count":17,"href":"https:\/\/www.packners.com\/nl\/wp-json\/wp\/v2\/pages\/1566\/revisions"}],"predecessor-version":[{"id":2980,"href":"https:\/\/www.packners.com\/nl\/wp-json\/wp\/v2\/pages\/1566\/revisions\/2980"}],"wp:featuredmedia":[{"embeddable":true,"href":"https:\/\/www.packners.com\/nl\/wp-json\/wp\/v2\/media\/2976"}],"wp:attachment":[{"href":"https:\/\/www.packners.com\/nl\/wp-json\/wp\/v2\/media?parent=1566"}],"curies":[{"name":"wp","href":"https:\/\/api.w.org\/{rel}","templated":true}]}}