{"id":1534,"date":"2025-10-29T08:21:29","date_gmt":"2025-10-29T07:21:29","guid":{"rendered":"https:\/\/p-afkfsz.project.space\/locaties\/"},"modified":"2026-01-29T14:25:31","modified_gmt":"2026-01-29T13:25:31","slug":"locaties","status":"publish","type":"page","link":"https:\/\/www.packners.com\/nl\/locaties\/","title":{"rendered":"Locaties"},"content":{"rendered":"<section class=\"l-section wpb_row height_huge width_full with_img\"><div class=\"l-section-img\" role=\"img\" aria-label=\"\u00dcbersicht \u00fcber die Produktionshalle mit mehreren Kartonverarbeitungsmaschinen\" data-img-width=\"1200\" data-img-height=\"675\" style=\"background-image: url(https:\/\/www.packners.com\/wp-content\/uploads\/2026\/01\/packners-produktionshalle-uebersicht.webp);\"><\/div><div class=\"l-section-h i-cf\"><div class=\"g-cols vc_row via_flex valign_top type_default stacking_default\"><div class=\"vc_col-sm-12 wpb_column vc_column_container\"><div class=\"vc_column-inner\"><div class=\"wpb_wrapper\"><div class=\"w-separator size_custom\" style=\"height:300px\"><\/div><\/div><\/div><\/div><\/div><\/div><\/section><section class=\"l-section wpb_row height_medium\"><div class=\"l-section-h i-cf\"><div class=\"g-cols vc_row via_flex valign_top type_default stacking_default\"><div class=\"vc_col-sm-12 wpb_column vc_column_container\"><div class=\"vc_column-inner us_custom_de366d1c us_animate_this\"><div class=\"wpb_wrapper\"><h1 class=\"w-text us_custom_2d4ca578 has_text_color\"><span class=\"w-text-h\"><span class=\"w-text-value\">Onze vestigingen in Emsb\u00fcren en Coevorden<\/span><\/span><\/h1><div class=\"wpb_text_column\"><div class=\"wpb_wrapper\"><h2 class=\"h1-like\" style=\"text-align: center;\">STERK ALS GEMENGDE DUO IN HET GOLFKARTON!<\/h2>\n<\/div><\/div><div class=\"w-separator size_medium\"><\/div><div class=\"g-cols wpb_row via_flex valign_top type_default stacking_default\"><div class=\"vc_col-sm-8 wpb_column vc_column_container\"><div class=\"vc_column-inner us_custom_60e9caca us_animate_this\"><div class=\"wpb_wrapper\"><div class=\"wpb_text_column\"><div class=\"wpb_wrapper\"><p data-start=\"74\" data-end=\"554\"><strong>Wij zijn ervan overtuigd dat het niet mogelijk is om grote en kleine volumes effici\u00ebnt in dezelfde fabriek te produceren, omdat hiervoor totaal verschillende processen en machines nodig zijn. <\/strong><\/p>\n<p data-start=\"74\" data-end=\"554\">Daarom hebben we ons duidelijk uitgesproken voor beide locaties, die 70 km van elkaar verwijderd liggen aan weerszijden van de Duits-Nederlandse grens: voor Emsb\u00fcren \u2013 tot eind 2023 nog op de locatie in Sch\u00fcttorf \u2013 en voor de zusterfabriek in Coevorden, ook bekend onder de naam Bannink Packaging.<\/p>\n<p data-start=\"556\" data-end=\"721\">Samen bevinden we ons in het midden van Europa. En alle snelwegen en provinciale wegen ter wereld staan ons open om ons golfkarton te brengen waar u het nodig hebt. <\/p>\n<p data-start=\"723\" data-end=\"808\" data-is-last-node=\"\" data-is-only-node=\"\"><strong>Conclusie: u kunt natuurlijk om ons heen lopen, maar waarom zou u dat willen?!<\/strong><\/p>\n<\/div><\/div><div class=\"w-separator size_small\"><\/div><div class=\"w-btn-wrapper align_left\"><a class=\"w-btn us-btn-style_1\" href=\"https:\/\/www.packners.com\/nl\/contact\/#start\"><span class=\"w-btn-label\">Contact<\/span><\/a><\/div><\/div><\/div><\/div><div class=\"vc_col-sm-4 wpb_column vc_column_container\"><div class=\"vc_column-inner us_custom_60e9caca us_animate_this\"><div class=\"wpb_wrapper\"><div class=\"w-image align_none\"><div class=\"w-image-h\"><img decoding=\"async\" width=\"600\" height=\"600\" src=\"https:\/\/www.packners.com\/wp-content\/uploads\/2026\/01\/standorte-packners-coevorden-emsbueren.webp\" class=\"attachment-large size-large\" alt=\"Karton-Karte mit Markierungen und Pfeilen: Standorte \u201eCoevorden\u201c und \u201eEmsb\u00fcren\u201c.\" loading=\"lazy\" srcset=\"https:\/\/www.packners.com\/wp-content\/uploads\/2026\/01\/standorte-packners-coevorden-emsbueren.webp 600w, https:\/\/www.packners.com\/wp-content\/uploads\/2026\/01\/standorte-packners-coevorden-emsbueren-300x300.webp 300w, https:\/\/www.packners.com\/wp-content\/uploads\/2026\/01\/standorte-packners-coevorden-emsbueren-150x150.webp 150w, https:\/\/www.packners.com\/wp-content\/uploads\/2026\/01\/standorte-packners-coevorden-emsbueren-80x80.webp 80w, https:\/\/www.packners.com\/wp-content\/uploads\/2026\/01\/standorte-packners-coevorden-emsbueren-400x400.webp 400w, https:\/\/www.packners.com\/wp-content\/uploads\/2026\/01\/standorte-packners-coevorden-emsbueren-60x60.webp 60w\" sizes=\"auto, (max-width: 600px) 100vw, 600px\"><\/div><\/div><\/div><\/div><\/div><\/div><\/div><\/div><\/div><\/div><\/div><\/section><section class=\"l-section wpb_row us_custom_eac59c77 height_small\"><div class=\"l-section-h i-cf\"><div class=\"g-cols vc_row via_flex valign_top type_default stacking_default\"><div class=\"vc_col-sm-12 wpb_column vc_column_container\"><div class=\"vc_column-inner\"><div class=\"wpb_wrapper\"><div class=\"g-cols wpb_row via_flex valign_top type_default stacking_default\"><div class=\"vc_col-sm-4 wpb_column vc_column_container\"><div class=\"vc_column-inner\"><div class=\"wpb_wrapper\"><div class=\"w-flipbox animation_cardflip direction_w\"><div class=\"w-flipbox-h easing_ease\" style=\"transition-duration:0.5s;\"><div class=\"w-flipbox-hh\"><div class=\"w-flipbox-front us_custom_786c2fa4\" style=\"background-image:url(https:\/\/www.packners.com\/wp-content\/uploads\/2026\/01\/packners-produktionsstandort-luftaufnahme-solar-logistik-1024x576.webp);\"><div class=\"w-flipbox-front-h\"><h3 class=\"w-flipbox-front-title\">Emsb\u00fcren<\/h3><div class=\"w-flipbox-front-desc\"><p>(Duitsland)<\/p>\n<\/div><\/div><\/div><div class=\"w-flipbox-back us_custom_786c2fa4\" style=\"display:none;background:var(--color-chrome-toolbar);\"><div class=\"w-flipbox-back-h\"><h4 class=\"w-flipbox-back-title\">Emsb\u00fcren<\/h4><div class=\"w-flipbox-back-desc\"><p>Welkom in een van de modernste golfkartonfabrieken van Europa.<\/p>\n<\/div><\/div><\/div><\/div><\/div><a href=\"https:\/\/www.packners.com\/nl\/locaties\/emsbueren\/\"><\/a><\/div><\/div><\/div><\/div><div class=\"vc_col-sm-4 wpb_column vc_column_container\"><div class=\"vc_column-inner\"><div class=\"wpb_wrapper\"><div class=\"w-flipbox animation_cardflip direction_w\"><div class=\"w-flipbox-h easing_ease\" style=\"transition-duration:0.5s;\"><div class=\"w-flipbox-hh\"><div class=\"w-flipbox-front us_custom_786c2fa4\" style=\"background-image:url(https:\/\/www.packners.com\/wp-content\/uploads\/2026\/01\/bannink-gollekarton-werk-coevorden-luftaufnahme-sommerlich-1024x576.webp);\"><div class=\"w-flipbox-front-h\"><h3 class=\"w-flipbox-front-title\">Coevorden<\/h3><div class=\"w-flipbox-front-desc\"><p>(Nederland)<\/p>\n<\/div><\/div><\/div><div class=\"w-flipbox-back us_custom_786c2fa4\" style=\"display:none;background:var(--color-chrome-toolbar);\"><div class=\"w-flipbox-back-h\"><h4 class=\"w-flipbox-back-title\">Coevorden<\/h4><div class=\"w-flipbox-back-desc\"><p>\u201cWelkom\u201d in Coevorden, golfkartonverwerker met ervaring sinds 1968<\/p>\n<\/div><\/div><\/div><\/div><\/div><a href=\"https:\/\/www.packners.com\/nl\/locaties\/coevorden\/\"><\/a><\/div><\/div><\/div><\/div><div class=\"vc_col-sm-4 wpb_column vc_column_container\"><div class=\"vc_column-inner\"><div class=\"wpb_wrapper\"><div class=\"w-flipbox animation_cardflip direction_w\"><div class=\"w-flipbox-h easing_ease\" style=\"transition-duration:0.5s;\"><div class=\"w-flipbox-hh\"><div class=\"w-flipbox-front us_custom_786c2fa4\" style=\"background-image:url(https:\/\/www.packners.com\/wp-content\/uploads\/2026\/01\/packners-papp-globus-nachhaltigkeit-international-1024x576.webp);\"><div class=\"w-flipbox-front-h\"><h3 class=\"w-flipbox-front-title\">Internationaal<\/h3><div class=\"w-flipbox-front-desc\"><p>(Europa)<\/p>\n<\/div><\/div><\/div><div class=\"w-flipbox-back us_custom_786c2fa4\" style=\"display:none;background:var(--color-chrome-toolbar);\"><div class=\"w-flipbox-back-h\"><h4 class=\"w-flipbox-back-title\">Internationaal<\/h4><div class=\"w-flipbox-back-desc\"><p>Wij leveren ook op andere locaties in heel Europa.<\/p>\n<\/div><\/div><\/div><\/div><\/div><a href=\"https:\/\/www.packners.com\/nl\/locaties\/internationaal\/\"><\/a><\/div><\/div><\/div><\/div><\/div><\/div><\/div><\/div><\/div><\/div><\/section><section class=\"l-section wpb_row height_medium\"><div class=\"l-section-h i-cf\"><div class=\"g-cols vc_row via_flex valign_top type_default stacking_default\"><div class=\"vc_col-sm-12 wpb_column vc_column_container\"><div class=\"vc_column-inner\"><div class=\"wpb_wrapper\"><div class=\"w-text us_custom_f40f8a16 has_text_color\"><span class=\"w-text-h\"><span class=\"w-text-value\">Welkom bij PACKNERS<\/span><\/span><\/div><div class=\"wpb_text_column h1-like\"><div class=\"wpb_wrapper\"><p style=\"text-align: left;\">contactgegevens<\/p>\n<\/div><\/div><div class=\"w-separator size_small\"><\/div><div class=\"w-tabs layout_hor style_trendy switch_click has_scrolling\" style=\"--sections-title-size:1em\"><div class=\"w-tabs-list items_2 align_none\"><div class=\"w-tabs-list-h\"><button class=\"w-tabs-item active\" aria-controls=\"content-l22d\" aria-expanded=\"false\"><span class=\"w-tabs-item-title\">Emsb\u00fcren<\/span><\/button><button class=\"w-tabs-item\" aria-controls=\"content-eeac\" aria-expanded=\"false\"><span class=\"w-tabs-item-title\">Coevorden<\/span><\/button><\/div><\/div><div class=\"w-tabs-sections titles-align_none icon_none\"><div class=\"w-tabs-section active\" id=\"l22d\"><button class=\"w-tabs-section-header active\" aria-controls=\"content-l22d\" aria-expanded=\"true\"><div class=\"w-tabs-section-title\">Emsb\u00fcren<\/div><div class=\"w-tabs-section-control\"><\/div><\/button><div class=\"w-tabs-section-content\" id=\"content-l22d\"><div class=\"w-tabs-section-content-h i-cf\"><div class=\"g-cols wpb_row via_flex valign_top type_default stacking_default\"><div class=\"vc_col-sm-6 wpb_column vc_column_container\"><div class=\"vc_column-inner\"><div class=\"wpb_wrapper\"><div class=\"wpb_text_column\"><div class=\"wpb_wrapper\"><p class=\"elementToProof\"><strong>U vindt ons in het nieuwe bedrijventerrein Emslandpark-Ost, gelegen bij het knooppunt van de A30\/A31. <\/strong><span>Tot eind 2023 stond onze fabriek jarenlang in het nabijgelegen Sch\u00fcttorf, goed zichtbaar direct aan de snelweg \u2013 alleen maar om verwarring te voorkomen.<\/span><\/p>\n<\/div><\/div><div class=\"w-separator size_small\"><\/div><div class=\"w-iconbox iconpos_left style_default color_primary align_left no_text\"><div class=\"w-iconbox-icon\" style=\"font-size:2rem;\"><i class=\"fas fa-road\"><\/i><\/div><div class=\"w-iconbox-meta\"><h5 class=\"w-iconbox-title\">Lise-Meitner-Stra\u00dfe 7-11<\/h5><\/div><\/div><div class=\"w-separator size_small\"><\/div><div class=\"w-iconbox iconpos_left style_default color_primary align_left no_text\"><div class=\"w-iconbox-icon\" style=\"font-size:2rem;\"><i class=\"fas fa-address-book\"><\/i><\/div><div class=\"w-iconbox-meta\"><h5 class=\"w-iconbox-title\">48488 Emsb\u00fcren<\/h5><\/div><\/div><div class=\"w-separator size_small\"><\/div><div class=\"w-iconbox iconpos_left style_default color_primary align_left no_text\"><a href=\"tel:+49%205903%2093547-0\" class=\"w-iconbox-link\" aria-label=\"+49 5903 93547-0\"><div class=\"w-iconbox-icon\" style=\"font-size:2rem;\"><i class=\"fas fa-phone\"><\/i><\/div><\/a><div class=\"w-iconbox-meta\"><h5 class=\"w-iconbox-title\"><a href=\"tel:+49%205903%2093547-0\" class=\"w-iconbox-link\" aria-label=\"+49 5903 93547-0\">+49 5903 93547-0<\/a><\/h5><\/div><\/div><div class=\"w-separator size_small\"><\/div><div class=\"w-iconbox iconpos_left style_default color_primary align_left no_text\"><a href=\"mailto:info@packners.com\" class=\"w-iconbox-link\" aria-label=\"info@packners.com\"><div class=\"w-iconbox-icon\" style=\"font-size:2rem;\"><i class=\"fas fa-envelope\"><\/i><\/div><\/a><div class=\"w-iconbox-meta\"><h5 class=\"w-iconbox-title\"><a href=\"mailto:info@packners.com\" class=\"w-iconbox-link\" aria-label=\"info@packners.com\">info@packners.com<\/a><\/h5><\/div><\/div><\/div><\/div><\/div><div class=\"vc_col-sm-6 wpb_column vc_column_container\"><div class=\"vc_column-inner\"><div class=\"wpb_wrapper\"><div class=\"w-image has_ratio align_none\"><div class=\"w-image-h\"><div style=\"padding-bottom:56.25%\"><\/div><img decoding=\"async\" width=\"1024\" height=\"576\" src=\"https:\/\/www.packners.com\/wp-content\/uploads\/2026\/01\/packners-produktionsstandort-luftaufnahme-logistikzentrum.webp-1024x576.webp\" class=\"attachment-large size-large\" alt=\"Luftaufnahme des neuen Packners Werks mit gro\u00dffl\u00e4chigen Solaranlagen auf dem Dach und Lkw-Verladezonen im l\u00e4ndlichen Umfeld\" loading=\"lazy\"><\/div><\/div><\/div><\/div><\/div><\/div><\/div><\/div><\/div><div class=\"w-tabs-section\" id=\"eeac\"><button class=\"w-tabs-section-header\" aria-controls=\"content-eeac\" aria-expanded=\"false\"><div class=\"w-tabs-section-title\">Coevorden<\/div><div class=\"w-tabs-section-control\"><\/div><\/button><div class=\"w-tabs-section-content\" id=\"content-eeac\"><div class=\"w-tabs-section-content-h i-cf\"><div class=\"g-cols wpb_row via_flex valign_top type_default stacking_default\"><div class=\"vc_col-sm-6 wpb_column vc_column_container\"><div class=\"vc_column-inner\"><div class=\"wpb_wrapper\"><div class=\"wpb_text_column\"><div class=\"wpb_wrapper\"><p><span><strong>In Coevorden (provincie Drenthe, Nederland) staat onze zusterfabriek, eveneens een zeer ervaren verwerker van golfkarton.<\/strong> 70 km van Emsb\u00fcren verwijderd en al tientallen jaren bekend op de markt onder de naam Bannink Packaging.<\/span><\/p>\n<\/div><\/div><div class=\"w-separator size_small\"><\/div><div class=\"w-iconbox iconpos_left style_default color_primary align_left no_text\"><div class=\"w-iconbox-icon\" style=\"font-size:2rem;\"><i class=\"fas fa-road\"><\/i><\/div><div class=\"w-iconbox-meta\"><h5 class=\"w-iconbox-title\">Vosmatenweg 1<\/h5><\/div><\/div><div class=\"w-separator size_small\"><\/div><div class=\"w-iconbox iconpos_left style_default color_primary align_left no_text\"><div class=\"w-iconbox-icon\" style=\"font-size:2rem;\"><i class=\"fas fa-address-book\"><\/i><\/div><div class=\"w-iconbox-meta\"><h5 class=\"w-iconbox-title\">7742 SX Coevorden<\/h5><\/div><\/div><div class=\"w-separator size_small\"><\/div><div class=\"w-iconbox iconpos_left style_default color_primary align_left no_text\"><a href=\"tel:+31%20524%20599599\" class=\"w-iconbox-link\" aria-label=\"+31 524 599599\"><div class=\"w-iconbox-icon\" style=\"font-size:2rem;\"><i class=\"fas fa-phone\"><\/i><\/div><\/a><div class=\"w-iconbox-meta\"><h5 class=\"w-iconbox-title\"><a href=\"tel:+31%20524%20599599\" class=\"w-iconbox-link\" aria-label=\"+31 524 599599\">+31 524 599599<\/a><\/h5><\/div><\/div><div class=\"w-separator size_small\"><\/div><div class=\"w-iconbox iconpos_left style_default color_primary align_left no_text\"><a href=\"mailto:info@bannink.nl\" class=\"w-iconbox-link\" aria-label=\"info@bannink.nl\"><div class=\"w-iconbox-icon\" style=\"font-size:2rem;\"><i class=\"fas fa-envelope\"><\/i><\/div><\/a><div class=\"w-iconbox-meta\"><h5 class=\"w-iconbox-title\"><a href=\"mailto:info@bannink.nl\" class=\"w-iconbox-link\" aria-label=\"info@bannink.nl\">info@bannink.nl<\/a><\/h5><\/div><\/div><\/div><\/div><\/div><div class=\"vc_col-sm-6 wpb_column vc_column_container\"><div class=\"vc_column-inner\"><div class=\"wpb_wrapper\"><div class=\"w-image has_ratio align_none\"><div class=\"w-image-h\"><div style=\"padding-bottom:56.25%\"><\/div><img decoding=\"async\" width=\"1024\" height=\"576\" src=\"https:\/\/www.packners.com\/wp-content\/uploads\/2026\/01\/packners-standort-niederlande-luftaufnahme-sonnenuntergang-1024x576.webp\" class=\"attachment-large size-large\" alt=\"Luftaufnahme eines gro\u00dfen Industrie-\/Werksgeb\u00e4udes bei Sonnenuntergang in weiter Landschaft.\" loading=\"lazy\"><\/div><\/div><\/div><\/div><\/div><\/div><\/div><\/div><\/div><\/div><\/div><\/div><\/div><\/div><\/div><\/div><\/section>\n","protected":false},"excerpt":{"rendered":"Onze vestigingen in Emsb\u00fcren en CoevordenSTERK ALS GEMENGDE DUO IN HET GOLFKARTON! Wij zijn ervan overtuigd dat het niet mogelijk is om grote en kleine volumes effici\u00ebnt in dezelfde fabriek te produceren, omdat hiervoor totaal verschillende processen en machines nodig zijn. Daarom hebben we ons duidelijk uitgesproken voor beide locaties, die 70 km van elkaar...","protected":false},"author":2,"featured_media":2346,"parent":0,"menu_order":0,"comment_status":"closed","ping_status":"closed","template":"","meta":{"_acf_changed":false,"footnotes":""},"class_list":["post-1534","page","type-page","status-publish","has-post-thumbnail","hentry"],"acf":[],"_links":{"self":[{"href":"https:\/\/www.packners.com\/nl\/wp-json\/wp\/v2\/pages\/1534","targetHints":{"allow":["GET"]}}],"collection":[{"href":"https:\/\/www.packners.com\/nl\/wp-json\/wp\/v2\/pages"}],"about":[{"href":"https:\/\/www.packners.com\/nl\/wp-json\/wp\/v2\/types\/page"}],"author":[{"embeddable":true,"href":"https:\/\/www.packners.com\/nl\/wp-json\/wp\/v2\/users\/2"}],"replies":[{"embeddable":true,"href":"https:\/\/www.packners.com\/nl\/wp-json\/wp\/v2\/comments?post=1534"}],"version-history":[{"count":28,"href":"https:\/\/www.packners.com\/nl\/wp-json\/wp\/v2\/pages\/1534\/revisions"}],"predecessor-version":[{"id":2917,"href":"https:\/\/www.packners.com\/nl\/wp-json\/wp\/v2\/pages\/1534\/revisions\/2917"}],"wp:featuredmedia":[{"embeddable":true,"href":"https:\/\/www.packners.com\/nl\/wp-json\/wp\/v2\/media\/2346"}],"wp:attachment":[{"href":"https:\/\/www.packners.com\/nl\/wp-json\/wp\/v2\/media?parent=1534"}],"curies":[{"name":"wp","href":"https:\/\/api.w.org\/{rel}","templated":true}]}}