{"id":1490,"date":"2025-10-27T16:42:48","date_gmt":"2025-10-27T15:42:48","guid":{"rendered":"https:\/\/p-afkfsz.project.space\/packners\/"},"modified":"2026-02-20T12:36:44","modified_gmt":"2026-02-20T11:36:44","slug":"packners","status":"publish","type":"page","link":"https:\/\/www.packners.com\/nl\/","title":{"rendered":"Packners"},"content":{"rendered":"<section class=\"l-section wpb_row height_huge width_full with_img\"><div class=\"l-section-img\" role=\"img\" aria-label=\"Weite Luftaufnahme des Packners-Werks am Wasser mit umliegenden Feldern.\" data-img-width=\"1200\" data-img-height=\"658\" style=\"background-image: url(https:\/\/www.packners.com\/wp-content\/uploads\/2026\/01\/packners-werk-luftaufnahme-ems-e1772711609644.webp);\"><\/div><div class=\"l-section-h i-cf\"><div class=\"g-cols vc_row via_flex valign_top type_default stacking_default\"><div class=\"vc_col-sm-12 wpb_column vc_column_container\"><div class=\"vc_column-inner\"><div class=\"wpb_wrapper\"><div class=\"w-separator size_custom\" style=\"height:300px\"><\/div><\/div><\/div><\/div><\/div><\/div><\/section><section class=\"l-section wpb_row height_medium\"><div class=\"l-section-h i-cf\"><div class=\"g-cols vc_row via_flex valign_top type_default stacking_default\"><div class=\"vc_col-sm-12 wpb_column vc_column_container\"><div class=\"vc_column-inner us_custom_de366d1c us_animate_this\"><div class=\"wpb_wrapper\"><h1 class=\"w-text us_custom_2d4ca578 has_text_color\"><span class=\"w-text-h\"><span class=\"w-text-value\">Verpakkingen en kartonnen dozen van golfkarton<\/span><\/span><\/h1><div class=\"wpb_text_column\"><div class=\"wpb_wrapper\"><h2 class=\"h1-like\" style=\"text-align: center;\">Een bedrijf dat niet van karton is gemaakt.<br>\nAl het andere wel.<\/h2>\n<\/div><\/div><div class=\"w-separator size_medium\"><\/div><div class=\"g-cols wpb_row via_flex valign_top type_default stacking_default\"><div class=\"vc_col-sm-6 wpb_column vc_column_container\"><div class=\"vc_column-inner us_custom_60e9caca us_animate_this\"><div class=\"wpb_wrapper\"><div class=\"wpb_text_column\"><div class=\"wpb_wrapper\"><p>Hartelijk welkom op de website van de \u201cslimme doos\u201d. Leuk dat u bij ons komt kijken. Dan stellen we ons even voor: wij zijn een moderne en succesvolle producent en verwerker van golfkarton en zorgen er dus voor dat alles zo wordt verpakt dat er geen klachten zijn.<\/p>\n<\/div><\/div><\/div><\/div><\/div><div class=\"vc_col-sm-6 wpb_column vc_column_container\"><div class=\"vc_column-inner us_custom_60e9caca us_animate_this\"><div class=\"wpb_wrapper\"><div class=\"wpb_text_column\"><div class=\"wpb_wrapper\"><p style=\"text-align: left;\">En dat doen we heel goed. Zo goed zelfs dat we sinds onze oprichting in 2010 continu groeien en daarom eind 2023 onze nieuwe fabriek in Emsb\u00fcren hebben betrokken. Dat maakt ons een beetje trots en motiveert ons om nog beter te worden. Dus als u op zoek bent naar een fabrikant van golfkartonnen verpakkingen die precies bij u en uw eisen past, dan moeten we eens met elkaar praten.<\/p>\n<\/div><\/div><\/div><\/div><\/div><\/div><div class=\"w-separator size_medium\"><\/div><div class=\"w-btn-wrapper align_center\"><a class=\"w-btn us-btn-style_1\" href=\"kontakt\/#start\"><span class=\"w-btn-label\">Contact<\/span><\/a><\/div><\/div><\/div><\/div><\/div><\/div><\/section><section class=\"l-section wpb_row height_small color_alternate\"><div class=\"l-section-h i-cf\"><div class=\"g-cols vc_row via_flex valign_top type_default stacking_default\"><div class=\"vc_col-sm-12 wpb_column vc_column_container\"><div class=\"vc_column-inner\"><div class=\"wpb_wrapper\"><div class=\"w-grid us_carousel type_carousel layout_300 preload_style_spinner\" id=\"us_grid_1\"><style>.layout_300 .w-grid-item-h{}<\/style><div class=\"w-grid-list owl-carousel valign_stretch dotstyle_circle navstyle_circle arrows-ver-pos_middle arrows-hor-pos_on_sides_outside arrows-disabled_hide owl-responsive-2000 with_arrows\" style=\"--transition-duration:350ms;--arrows-size:1.5rem;--arrows-hor-offset:calc(0px + 0px);--arrows-gap:10px;\">\t<article class=\"w-grid-item post-1392 post type-post status-publish format-standard hentry category-usp\" data-id=\"1392\">\r\n\t\t<div class=\"w-grid-item-h\">\r\n\t\t\t\t\t\t<h3 class=\"w-post-elm post_title usg_post_title_1 align_center entry-title color_link_inherit\">Winnaar \u201eGro\u00dfer Preis des Mittelstandes\u201c van de Oskar-Patzelt-Stiftung.<\/h3>\t\t<\/div>\r\n\t\t\t<\/article>\r\n\t<article class=\"w-grid-item post-1393 post type-post status-publish format-standard hentry category-usp\" data-id=\"1393\">\r\n\t\t<div class=\"w-grid-item-h\">\r\n\t\t\t\t\t\t<h3 class=\"w-post-elm post_title usg_post_title_1 align_center entry-title color_link_inherit\">Een van de modernste werken van Europa. En dat moet zo blijven.<\/h3>\t\t<\/div>\r\n\t\t\t<\/article>\r\n\t<article class=\"w-grid-item post-1414 post type-post status-publish format-standard hentry category-usp\" data-id=\"1414\">\r\n\t\t<div class=\"w-grid-item-h\">\r\n\t\t\t\t\t\t<h3 class=\"w-post-elm post_title usg_post_title_1 align_center entry-title color_link_inherit\">Duurzaam: E\u00e9n oog op de economie, \u00e9\u00e9n op de natuur.<\/h3>\t\t<\/div>\r\n\t\t\t<\/article>\r\n\t<article class=\"w-grid-item post-1396 post type-post status-publish format-standard hentry category-usp\" data-id=\"1396\">\r\n\t\t<div class=\"w-grid-item-h\">\r\n\t\t\t\t\t\t<h3 class=\"w-post-elm post_title usg_post_title_1 align_center entry-title color_link_inherit\">Stilstand is geen optie. We groeien om u nog beter van dienst te zijn.<\/h3>\t\t<\/div>\r\n\t\t\t<\/article>\r\n\t<article class=\"w-grid-item post-1395 post type-post status-publish format-standard hentry category-usp\" data-id=\"1395\">\r\n\t\t<div class=\"w-grid-item-h\">\r\n\t\t\t\t\t\t<h3 class=\"w-post-elm post_title usg_post_title_1 align_center entry-title color_link_inherit\">Logistiek: Kortste routes, slim georganiseerd en passend bij u.<\/h3>\t\t<\/div>\r\n\t\t\t<\/article>\r\n<\/div><div class=\"w-grid-carousel-json hidden\" onclick='return {\"carousel_settings\":{\"aria_labels\":{\"prev\":\"Vorige\",\"next\":\"Volgende\"},\"autoplayContinual\":true,\"autoplayHoverPause\":false,\"autoplayTimeout\":3000,\"autoWidth\":false,\"smartSpeed\":350,\"margin\":0,\"mouseDrag\":true,\"rtl\":false,\"slideBy\":\"1\",\"touchDrag\":true,\"slideTransition\":\"\",\"animateIn\":\"fadeIn\",\"animateOut\":\"fadeOut\",\"responsive\":{\"0\":{\"autoHeight\":false,\"autoplay\":false,\"autoWidth\":false,\"center\":false,\"dots\":false,\"items\":1,\"loop\":false,\"nav\":false,\"stagePadding\":0,\"slideBy\":\"1\"},\"601\":{\"items\":1,\"autoplay\":true,\"center\":false,\"dots\":false,\"nav\":true,\"autoHeight\":false,\"autoWidth\":false,\"loop\":true,\"stagePadding\":15}}}}'><\/div><\/div><\/div><\/div><\/div><\/div><\/div><\/section><section class=\"l-section wpb_row height_medium\"><div class=\"l-section-h i-cf\"><div class=\"g-cols vc_row via_flex valign_top type_default stacking_default\" style=\"--additional-gap:20px;\"><div class=\"vc_col-sm-12 wpb_column vc_column_container\"><div class=\"vc_column-inner\"><div class=\"wpb_wrapper\"><div class=\"wpb_text_column us_custom_0414a873\"><div class=\"wpb_wrapper\"><p style=\"text-align: left;\">Het begint altijd met een idee.<\/p>\n<\/div><\/div><div class=\"w-separator size_medium\"><\/div><div class=\"g-cols wpb_row via_flex valign_top type_default stacking_default\"><div class=\"vc_col-sm-6 wpb_column vc_column_container\"><div class=\"vc_column-inner\"><div class=\"wpb_wrapper\"><div class=\"wpb_text_column\"><div class=\"wpb_wrapper\"><p><strong>Kort samengevat is ons idee: grondstoffen met korte transportwegen en zo milieuvriendelijk mogelijk.<\/strong><\/p>\n<p>Daarom stond onze eerste fabriek ook niet aan de C\u00f4te d\u2019Azur met uitzicht op de Middellandse Zee, maar in het eveneens prachtige Sch\u00fcttorf aan het knooppunt van de snelwegen. En was via een transportbrug rechtstreeks verbonden met de buurman, een fabrikant van golfkarton.<\/p>\n<p>Sinds eind 2023 is de weg die grondstoffen afleggen om verwerkt te worden nog korter geworden. Met onze nieuwe, supermoderne fabriek hebben we ook een nieuw hoofdstuk geopend: daar breiden we niet alleen uit met onze machines voor de verwerking van golfkarton, maar produceren we ook zelf golfkarton met de nieuwste technologie. Korter kan niet.<\/p>\n<p>We zijn grenswerkers: we verwerken we ons golfkarton in het Duits-Nederlandse grensgebied op twee locaties: in de gloednieuwe fabriek in Emsb\u00fcren (voorheen Sch\u00fcttorf) en in de Nederlandse zusterfabriek in Coevorden, ook bekend onder de naam Bannink Packaging. Samen bevinden we ons in het midden van Europa en hebben we toegang tot alle snelwegen en provinciale wegen ter wereld om het golfkarton te brengen waar u het nodig hebt.<\/p>\n<\/div><\/div><\/div><\/div><\/div><div class=\"vc_col-sm-6 wpb_column vc_column_container\"><div class=\"vc_column-inner\"><div class=\"wpb_wrapper\"><div class=\"w-separator size_medium\"><\/div><div class=\"w-image us_custom_5a517404 hide_on_tablets hide_on_mobiles has_ratio align_center\"><div class=\"w-image-h\"><div style=\"padding-bottom:56.25%\"><\/div><img decoding=\"async\" width=\"1024\" height=\"682\" src=\"https:\/\/www.packners.com\/wp-content\/uploads\/2026\/01\/packners-produktionsleitstand-1024x682.webp\" class=\"attachment-large size-large\" alt=\"Leitstand\/Control Room mit vielen Monitoren; Mitarbeiter \u00fcberwacht Produktionsprozesse.\" loading=\"lazy\"><\/div><\/div><div class=\"w-separator size_medium\"><\/div><div class=\"wpb_text_column\"><div class=\"wpb_wrapper\"><p style=\"text-align: left;\">Welkom in de nieuwe fabriek in Emsb\u00fcren: hightech op zijn best. Computers en robots en mensen met hart, verstand en sympathie. En bergen golfkarton en golfkartonnen dozen.<\/p>\n<p style=\"text-align: left;\"><span class=\"EOP SCXP250410114 BCX4\">Kijk maar eens naar de imagevideo en laat u overtuigen dat wij de juiste partner zijn, of het nu gaat om vouwdozen, gestanste dozen en autolock bodemdozen, ook in grote hoeveelheden.<\/span><\/p>\n<\/div><\/div><div class=\"w-separator size_small\"><\/div><div class=\"w-btn-wrapper align_left\"><a class=\"w-btn us-btn-style_1\" href=\"https:\/\/www.packners.com\/wp-content\/uploads\/2026\/02\/Image%20Video%20Angepasst%20%5BNL%5D.mp4\"><span class=\"w-btn-label\">Imagevideo<\/span><\/a><\/div><\/div><\/div><\/div><\/div><\/div><\/div><\/div><\/div><\/div><\/section><section class=\"l-section wpb_row us_custom_eac59c77 height_medium\"><div class=\"l-section-h i-cf\"><div class=\"g-cols vc_row via_flex valign_top type_default stacking_default\"><div class=\"vc_col-sm-12 wpb_column vc_column_container\"><div class=\"vc_column-inner\"><div class=\"wpb_wrapper\"><div class=\"wpb_text_column us_custom_0414a873\"><div class=\"wpb_wrapper\"><p style=\"text-align: center;\">De \u201cslimme doos\u201d \u2013 altijd.<\/p>\n<\/div><\/div><div class=\"wpb_text_column\"><div class=\"wpb_wrapper\"><p style=\"text-align: center;\"><strong>Wij produceren enkel- en dubbelgolfkarton en verwerken dit tot vouwdozen, gestanste dozen en ook autolock bodemdozen.<\/strong><\/p>\n<p style=\"text-align: center;\">Precies zoals u het voor uw producten wenst en voor uw productieprocessen nodig heeft. Natuurlijk hoeft het niet altijd klassiek bruin te zijn: dozen van gestreken papier, bedrukt met tot wel 5 kleuren en lak \u2013 geen enkel probleem. Ook als het gaat om zelfklevende strips of scheurstrips voor e-commerce, kunt u natuurlijk bij ons terecht. <span>Individuele verpakkingen in grote hoeveelheden of liever in gemiddelde hoeveelheden \u2013 precies ons ding.<\/span><\/p>\n<\/div><\/div><div class=\"w-separator size_medium\"><\/div><div class=\"g-cols wpb_row via_flex valign_top type_default stacking_default\"><div class=\"vc_col-sm-6 wpb_column vc_column_container\"><div class=\"vc_column-inner\"><div class=\"wpb_wrapper\"><div class=\"w-image has_ratio align_center\"><div class=\"w-image-h\"><div style=\"padding-bottom:56.25%\"><\/div><img decoding=\"async\" width=\"1024\" height=\"683\" src=\"https:\/\/www.packners.com\/wp-content\/uploads\/2026\/01\/packners-produktion-kartonstapel-foerdertechnik-1024x683.webp\" class=\"attachment-large size-large\" alt=\"Automatisierte Anlage zur Verarbeitung von Wellpappe zu Kartonzuschnitten\" loading=\"lazy\"><\/div><\/div><\/div><\/div><\/div><div class=\"vc_col-sm-6 wpb_column vc_column_container\"><div class=\"vc_column-inner\"><div class=\"wpb_wrapper\"><div class=\"w-image has_ratio align_center\"><div class=\"w-image-h\"><div style=\"padding-bottom:56.25%\"><\/div><img decoding=\"async\" width=\"1024\" height=\"683\" src=\"https:\/\/www.packners.com\/wp-content\/uploads\/2026\/01\/packners-produktion-wellpappe-palettenanlage-1024x683.webp\" class=\"attachment-large size-large\" alt=\"Gestapelte Wellpappkartons auf Paletten in der Produktionshalle\" loading=\"lazy\"><\/div><\/div><\/div><\/div><\/div><\/div><div class=\"w-separator size_medium\"><\/div><div class=\"w-btn-wrapper align_center\"><a class=\"w-btn us-btn-style_1\" href=\"kontakt\/#start\"><span class=\"w-btn-label\">aanvraag<\/span><\/a><\/div><\/div><\/div><\/div><\/div><\/div><\/section><section class=\"l-section wpb_row height_small color_alternate\"><div class=\"l-section-h i-cf\"><div class=\"g-cols vc_row via_flex valign_top type_default stacking_default\"><div class=\"vc_col-sm-12 wpb_column vc_column_container\"><div class=\"vc_column-inner\"><div class=\"wpb_wrapper\"><div class=\"g-cols wpb_row via_flex valign_top type_default stacking_default\"><div class=\"vc_col-sm-4 wpb_column vc_column_container\"><div class=\"vc_column-inner\"><div class=\"wpb_wrapper\"><div class=\"w-counter color_primary align_center\" data-duration=\"2\"><div class=\"w-counter-value\"><span class=\"w-counter-value-part type_text\" data-final=\"\"><\/span><span class=\"w-counter-value-part type_number\" data-final=\"137.000.000\">1<\/span><span class=\"w-counter-value-part type_text\" data-final=\"\"><\/span><\/div><div class=\"w-counter-title\" style=\"font-size:15px;\">Productiehoeveelheid (in m\u00b2) in 2025<\/div><\/div><\/div><\/div><\/div><div class=\"vc_col-sm-4 wpb_column vc_column_container\"><div class=\"vc_column-inner\"><div class=\"wpb_wrapper\"><div class=\"w-counter color_primary align_center\" data-duration=\"2\"><div class=\"w-counter-value\"><span class=\"w-counter-value-part type_text\" data-final=\"\"><\/span><span class=\"w-counter-value-part type_number\" data-final=\"165\">1<\/span><span class=\"w-counter-value-part type_text\" data-final=\"\"><\/span><\/div><div class=\"w-counter-title\" style=\"font-size:15px;\">Medewerkers (januari 2026)<\/div><\/div><\/div><\/div><\/div><div class=\"vc_col-sm-4 wpb_column vc_column_container\"><div class=\"vc_column-inner\"><div class=\"wpb_wrapper\"><div class=\"w-counter color_primary align_center\" data-duration=\"2\"><div class=\"w-counter-value\"><span class=\"w-counter-value-part type_text\" data-final=\"\"><\/span><span class=\"w-counter-value-part type_number\" data-final=\"414.711\">1<\/span><span class=\"w-counter-value-part type_text\" data-final=\"\"><\/span><\/div><div class=\"w-counter-title\" style=\"font-size:15px;\">Aantal kopjes koffie gedronken sinds de start<\/div><\/div><\/div><\/div><\/div><\/div><\/div><\/div><\/div><\/div><\/div><\/section><section class=\"l-section wpb_row height_auto\"><div class=\"l-section-h i-cf\"><div class=\"g-cols vc_row via_flex valign_top type_default stacking_default\"><div class=\"vc_col-sm-12 wpb_column vc_column_container\"><div class=\"vc_column-inner\"><div class=\"wpb_wrapper\"><div class=\"w-separator size_medium\"><\/div><div class=\"g-cols wpb_row via_flex valign_top type_default stacking_default\"><div class=\"vc_col-sm-6 wpb_column vc_column_container\"><div class=\"vc_column-inner\"><div class=\"wpb_wrapper\"><div class=\"wpb_text_column us_custom_0414a873\"><div class=\"wpb_wrapper\"><p style=\"text-align: left;\">Kom aan boord in Emsb\u00fcren.<\/p>\n<\/div><\/div><div class=\"wpb_text_column\"><div class=\"wpb_wrapper\"><p style=\"font-weight: 400;\"><strong>Zin in golfkarton, hightechproductie en vooral een geweldig team?<\/strong><\/p>\n<p style=\"font-weight: 400;\">Wij vinden dat we al een heel sympathiek team zijn en samen met de heer Packners bergen golfkarton en kartonnen dozen verplaatsen. Maar eigenlijk zijn er nog een paar vacatures te vervullen \u2013 met nog meer vrolijke mensen. En er zijn heel wat goede redenen om over te stappen naar het \u201cTeam Packners\u201d!<\/p>\n<\/div><\/div><div class=\"w-separator size_small\"><\/div><div class=\"w-btn-wrapper align_left\"><a class=\"w-btn us-btn-style_1\" href=\"https:\/\/www.packners.com\/nl\/?page_id=1468#start\"><span class=\"w-btn-label\">Onze vacatures in Emsb\u00fcren<\/span><\/a><\/div><\/div><\/div><\/div><div class=\"vc_col-sm-6 wpb_column vc_column_container\"><div class=\"vc_column-inner\"><div class=\"wpb_wrapper\"><div data-us-scroll='{\"from_initial_position\":\"0\",\"start_position\":\"20%\",\"end_position\":\"90%\",\"delay\":\"0.4s\",\"translate_x_direction\":\"left\",\"translate_x_speed\":\"0.1x\"}' class=\"w-image has_scroll_effects has_translate_x align_center\"><a href=\"https:\/\/www.packners.com\/nl\/ueber-uns\/meneer-packners\/\" aria-label=\"Herr Packners Maskottchen Daumen Hoch Packners\" class=\"w-image-h\"><img fetchpriority=\"high\" decoding=\"async\" width=\"500\" height=\"468\" src=\"https:\/\/www.packners.com\/wp-content\/uploads\/2026\/01\/herr-packners-maskottchen-daumen-hoch-packners.webp\" class=\"attachment-large size-large\" alt=\"Herr Packners mit Kartonkopf zeigt mit beiden H\u00e4nden den Daumen nach oben\" loading=\"eager\" srcset=\"https:\/\/www.packners.com\/wp-content\/uploads\/2026\/01\/herr-packners-maskottchen-daumen-hoch-packners.webp 500w, https:\/\/www.packners.com\/wp-content\/uploads\/2026\/01\/herr-packners-maskottchen-daumen-hoch-packners-300x281.webp 300w, https:\/\/www.packners.com\/wp-content\/uploads\/2026\/01\/herr-packners-maskottchen-daumen-hoch-packners-80x75.webp 80w, https:\/\/www.packners.com\/wp-content\/uploads\/2026\/01\/herr-packners-maskottchen-daumen-hoch-packners-427x400.webp 427w, https:\/\/www.packners.com\/wp-content\/uploads\/2026\/01\/herr-packners-maskottchen-daumen-hoch-packners-60x56.webp 60w\" sizes=\"(max-width: 500px) 100vw, 500px\"><\/a><\/div><div class=\"wpb_text_column us_custom_fe85d478\"><div class=\"wpb_wrapper\"><p>De heer Packners<br>\n<a href=\"https:\/\/www.packners.com\/nl\/ueber-uns\/meneer-packners\/\">Een mythe?<\/a><\/p>\n<\/div><\/div><div class=\"w-separator size_small\"><\/div><\/div><\/div><\/div><\/div><\/div><\/div><\/div><\/div><\/div><\/section>\n","protected":false},"excerpt":{"rendered":"","protected":false},"author":1,"featured_media":2364,"parent":0,"menu_order":0,"comment_status":"closed","ping_status":"closed","template":"","meta":{"_acf_changed":false,"footnotes":""},"class_list":["post-1490","page","type-page","status-publish","has-post-thumbnail","hentry"],"acf":[],"_links":{"self":[{"href":"https:\/\/www.packners.com\/nl\/wp-json\/wp\/v2\/pages\/1490","targetHints":{"allow":["GET"]}}],"collection":[{"href":"https:\/\/www.packners.com\/nl\/wp-json\/wp\/v2\/pages"}],"about":[{"href":"https:\/\/www.packners.com\/nl\/wp-json\/wp\/v2\/types\/page"}],"author":[{"embeddable":true,"href":"https:\/\/www.packners.com\/nl\/wp-json\/wp\/v2\/users\/1"}],"replies":[{"embeddable":true,"href":"https:\/\/www.packners.com\/nl\/wp-json\/wp\/v2\/comments?post=1490"}],"version-history":[{"count":57,"href":"https:\/\/www.packners.com\/nl\/wp-json\/wp\/v2\/pages\/1490\/revisions"}],"predecessor-version":[{"id":2996,"href":"https:\/\/www.packners.com\/nl\/wp-json\/wp\/v2\/pages\/1490\/revisions\/2996"}],"wp:featuredmedia":[{"embeddable":true,"href":"https:\/\/www.packners.com\/nl\/wp-json\/wp\/v2\/media\/2364"}],"wp:attachment":[{"href":"https:\/\/www.packners.com\/nl\/wp-json\/wp\/v2\/media?parent=1490"}],"curies":[{"name":"wp","href":"https:\/\/api.w.org\/{rel}","templated":true}]}}