{"id":2197,"date":"2025-10-29T08:21:23","date_gmt":"2025-10-29T07:21:23","guid":{"rendered":"https:\/\/p-afkfsz.project.space\/about-us\/"},"modified":"2026-02-19T14:01:21","modified_gmt":"2026-02-19T13:01:21","slug":"ueber-uns","status":"publish","type":"page","link":"https:\/\/www.packners.com\/en\/ueber-uns\/","title":{"rendered":"About us"},"content":{"rendered":"<section class=\"l-section wpb_row height_huge width_full with_img\"><div class=\"l-section-img\" role=\"img\" aria-label=\"Image\" data-img-width=\"2560\" data-img-height=\"1707\" style=\"background-image: url(https:\/\/www.packners.com\/wp-content\/uploads\/2026\/02\/PACKNERS_Maschinenpark_2025-31-scaled.jpg);background-position: bottom center;\"><\/div><div class=\"l-section-h i-cf\"><div class=\"g-cols vc_row via_flex valign_top type_default stacking_default\"><div class=\"vc_col-sm-12 wpb_column vc_column_container\"><div class=\"vc_column-inner\"><div class=\"wpb_wrapper\"><div class=\"w-separator size_custom\" style=\"height:300px\"><\/div><\/div><\/div><\/div><\/div><\/div><\/section><section class=\"l-section wpb_row height_medium\"><div class=\"l-section-h i-cf\"><div class=\"g-cols vc_row via_flex valign_top type_default stacking_default\"><div class=\"vc_col-sm-12 wpb_column vc_column_container\"><div class=\"vc_column-inner us_custom_de366d1c us_animate_this\"><div class=\"wpb_wrapper\"><div class=\"w-text us_custom_2d4ca578 has_text_color\"><span class=\"w-text-h\"><span class=\"w-text-value\">About us<\/span><\/span><\/div><div class=\"wpb_text_column\"><div class=\"wpb_wrapper\"><h2 class=\"h1-like\" style=\"text-align: center;\">\u201cIS THAT CORRUGATED CARDBOARD OR CAN IT BE THROWN AWAY?\u201d<\/h2>\n<\/div><\/div><div class=\"w-separator size_medium\"><\/div><div class=\"g-cols wpb_row via_flex valign_top type_default stacking_default\"><div class=\"vc_col-sm-12 wpb_column vc_column_container\"><div class=\"vc_column-inner us_custom_60e9caca us_animate_this\"><div class=\"wpb_wrapper\"><div class=\"wpb_text_column\"><div class=\"wpb_wrapper\"><p class=\"p1\" style=\"text-align: center;\">Of course, even today, it is possible to avoid packaging products in cardboard. But why would you want to? No other packaging offers so much protection for such a low investment and meets such high environmental standards\u2014if you ask us. That\u2019s why, since day one, everything we do has revolved around this recyclable material.   <\/p>\n<p class=\"p1\" style=\"text-align: center;\">And they can be used to build such an incredible variety of packaging that it still amazes us a little bit every day. At the end of the day, however, the only thing that matters is that our \u201csmart boxes\u201d are exactly what our customers want\u2014developed and produced for their production processes and their products. <\/p>\n<\/div><\/div><\/div><\/div><\/div><\/div><\/div><\/div><\/div><\/div><\/div><\/section><section class=\"l-section wpb_row us_custom_c363439e has_text_color height_small color_alternate\"><div class=\"l-section-h i-cf\"><div class=\"g-cols vc_row via_flex valign_top type_default stacking_default\"><div class=\"vc_col-sm-12 wpb_column vc_column_container\"><div class=\"vc_column-inner\"><div class=\"wpb_wrapper\"><div class=\"g-cols wpb_row via_flex valign_top type_default stacking_default\"><div class=\"vc_col-sm-12 wpb_column vc_column_container\"><div class=\"vc_column-inner\"><div class=\"wpb_wrapper\"><div class=\"wpb_text_column\"><div class=\"wpb_wrapper\"><blockquote>\n<h3 style=\"text-align: center;\">We are a fairly easy-to-love family business with the capabilities of a large company and the swift decision-making processes of a small one.<\/h3>\n<\/blockquote>\n<\/div><\/div><\/div><\/div><\/div><\/div><\/div><\/div><\/div><\/div><\/div><\/section><section class=\"l-section wpb_row height_medium\"><div class=\"l-section-h i-cf\"><div class=\"g-cols vc_row via_flex valign_top type_default stacking_default\" style=\"--additional-gap:20px;\"><div class=\"vc_col-sm-12 wpb_column vc_column_container\"><div class=\"vc_column-inner\"><div class=\"wpb_wrapper\"><div class=\"g-cols wpb_row via_flex valign_top type_default stacking_default\"><div class=\"vc_col-sm-4 wpb_column vc_column_container\"><div class=\"vc_column-inner\"><div class=\"wpb_wrapper\"><div class=\"wpb_text_column h1-like\"><div class=\"wpb_wrapper\"><p style=\"text-align: left;\">A little proud of everything.<\/p>\n<\/div><\/div><div class=\"w-separator size_small\"><\/div><div class=\"wpb_text_column\"><div class=\"wpb_wrapper\"><p class=\"p1\">Even the first <a href=\"https:\/\/www.packners.com\/en\/locations\/emsbueren\/\" target=\"_blank\" rel=\"noopener\">Packners plant in Sch\u00fcttorf<\/a>\u2014where corrugated packaging production began in 2010\u2014was considered one of the most modern in Europe by many. And with our move to the brand-new facility in neighboring Emsb\u00fcren, we\u2019ll likely hold that reputation for a few more years.<\/p>\n<p class=\"p1\">Speaking of \u201c<strong>IT nerds<\/strong>\u201c: this is also thanks to our sophisticated IT system, which has been specially adapted for us and ensures that everything that can be automated is automated. As you can imagine, vendor-managed inventory (VMI) and electronic data interchange (EDI) are standard practice for us. <\/p>\n<\/div><\/div><\/div><\/div><\/div><div class=\"vc_col-sm-8 wpb_column vc_column_container\"><div class=\"vc_column-inner\"><div class=\"wpb_wrapper\"><div class=\"w-separator size_large\"><\/div><div class=\"w-image us_custom_5a517404 hide_on_tablets hide_on_mobiles has_ratio align_center\"><div class=\"w-image-h\"><div style=\"padding-bottom:56.25%\"><\/div><img decoding=\"async\" width=\"500\" height=\"258\" src=\"https:\/\/www.packners.com\/wp-content\/uploads\/2026\/01\/packners-werk-schuettorf-aussenansicht.webp\" class=\"attachment-large size-large\" alt=\"Au\u00dfenansicht Packners-Geb\u00e4ude mit gro\u00dfem Logo an der Fassade bei blauem Himmel.\" loading=\"lazy\"><\/div><\/div><\/div><\/div><\/div><\/div><\/div><\/div><\/div><\/div><\/div><\/section><section class=\"l-section wpb_row us_custom_eac59c77 height_medium\"><div class=\"l-section-h i-cf\"><div class=\"g-cols vc_row via_flex valign_top type_default stacking_default\"><div class=\"vc_col-sm-12 wpb_column vc_column_container\"><div class=\"vc_column-inner\"><div class=\"wpb_wrapper\"><div class=\"g-cols wpb_row via_flex valign_top type_default stacking_default\"><div class=\"vc_col-sm-12 wpb_column vc_column_container\"><div class=\"vc_column-inner\"><div class=\"wpb_wrapper\"><div class=\"wpb_text_column h1-like\"><div class=\"wpb_wrapper\"><p style=\"text-align: left;\">We are true border crossers.<\/p>\n<\/div><\/div><div class=\"wpb_text_column\"><div class=\"wpb_wrapper\"><p style=\"text-align: left;\">Thanks to our location on the German-Dutch border, we supply customers in both Germany and the Netherlands\u2014either from our <a href=\"https:\/\/www.packners.com\/en\/locations\/emsbueren\/\">factory in Emsb\u00fcren (Emsland)<\/a> or from <a href=\"https:\/\/www.packners.com\/en\/locations\/coevorden\/\">Coevorden (province of Drenthe, Netherlands)<\/a>, depending on the order size or box specifications.<\/p>\n<p style=\"text-align: left;\">We complement each other perfectly: Emsb\u00fcren has the capacity for large quantities, while our sister plant in Coevorden\u2014also known as Bannink Packaging and established on the Dutch market for decades\u2014produces medium and small volumes of cardboard boxes and packaging. And when it comes to soccer, we are quite pragmatic, opting for either \u201cthe Netherlands\u201d or \u201cGermany.\u201d But in any case, we are \u201cteam corrugated cardboard.\u201d  <\/p>\n<\/div><\/div><\/div><\/div><\/div><\/div><div class=\"w-separator size_small\"><\/div><\/div><\/div><\/div><\/div><\/div><\/section><section class=\"l-section wpb_row height_medium\"><div class=\"l-section-h i-cf\"><div class=\"g-cols vc_row via_flex valign_top type_default stacking_default\"><div class=\"vc_col-sm-12 wpb_column vc_column_container\"><div class=\"vc_column-inner\"><div class=\"wpb_wrapper\"><div class=\"g-cols wpb_row via_flex valign_top type_default stacking_default\"><div class=\"vc_col-sm-8 wpb_column vc_column_container\"><div class=\"vc_column-inner\"><div class=\"wpb_wrapper\"><div class=\"wpb_text_column\"><div class=\"wpb_wrapper\"><h2>Supply reliability!<\/h2>\n<p>Another ace up our sleeve is the European network of the <a href=\"https:\/\/www.saica.com\/en\/\" target=\"_blank\" rel=\"noopener\">SAICA Group<\/a>, which we joined a few years ago: this provides dozens of backup production capacities in case of emergencies (you can never be too careful) and at the same time gives our customers the option of being supplied throughout Europe.<\/p>\n<\/div><\/div><\/div><\/div><\/div><div class=\"vc_col-sm-4 wpb_column vc_column_container\"><div class=\"vc_column-inner\"><div class=\"wpb_wrapper\"><div class=\"wpb_text_column us_custom_d08f8250 has_text_color\"><div class=\"wpb_wrapper\"><h3>It is pronounced [P\u00e4ck:nass].<\/h3>\n<p>Since 2010, many people have tried, often in vain, to pronounce our name correctly \u2013 we would like to offer some valuable assistance here. To get straight to the point \u2013 it is not pronounced [Packnaahs]. Packners is a made-up word that is meant to convey what we want to be for our customers: packaging partners. And that solves the question of pronunciation. The solution is: [P\u00e4ck:nass].<\/p>\n<\/div><\/div><\/div><\/div><\/div><\/div><div class=\"g-cols wpb_row via_flex valign_top type_default stacking_default\"><div class=\"vc_col-sm-4 wpb_column vc_column_container\"><div class=\"vc_column-inner\"><div class=\"wpb_wrapper\"><div class=\"w-grid us_post_list type_grid layout_879 cols_1 preload_style_spinner open_items_in_popup ratio_16x9\" id=\"us_post_list_af6b\" style=\"--columns:1;--gap:1.5rem;--item-ratio:0.5625;\"><style>.layout_879 .w-grid-item-h{background:var(--color-header-transparent-text-hover)}.layout_879 .usg_html_1{transition-duration:1.5s;transform-origin:50% 50%;transform:scale(0.95) translate(0%,0%)}.layout_879 .w-grid-item-h:focus-within .usg_html_1,.layout_879 .w-grid-item-h:hover .usg_html_1{transform:scale(1.15) translate(0%,0%);opacity:1}<\/style><div class=\"w-grid-list\">\t<article class=\"w-grid-item size_1x1 post-1369 post type-post status-publish format-standard has-post-thumbnail hentry category-nicht-kategorisiert\" data-id=\"1369\">\r\n\t\t<div class=\"w-grid-item-h\">\r\n\t\t\t\t\t\t\t<a href=\"https:\/\/www.packners.com\/en\/history-unfolds-here\/\" class=\"w-grid-item-anchor\" aria-label=\"History unfolds here.\"><\/a>\r\n\t\t\t\t\t\t<div class=\"w-html usg_html_1\"><div class=\"kndr-icon-title\">\n  <i class=\"fas fa-expand-wide\"><\/i>\n\n  <h3 class=\"kndr-tile-title\">\n    HISTORY UNFOLDS HERE\n  <\/h3>\n<\/div>\n\n<style>\n.kndr-icon-title{\n  display:flex;\n  flex-direction:column;\n  align-items:center;\n  justify-content:center;\n  height:100%;\n  min-height:240px;\n}\n\n.kndr-icon-title i{\n  font-size:50px;\n  color:#ffffff;\n  line-height:1;\n  margin-bottom:12px;\n}\n\n.kndr-tile-title{\n  margin:0;\n  font-weight:800;\n  font-size:28px;\n  line-height:1.2;\n  letter-spacing:.4px;\n  text-transform:uppercase;\n  color:#ffffff;\n  text-align:center;\n}\n<\/style>\n<\/div>\t\t<\/div>\r\n\t\t\t<\/article>\r\n<\/div><div class=\"l-popup\">\r\n\t<div class=\"l-popup-overlay\"><\/div>\r\n\t<div class=\"l-popup-wrap\">\r\n\t\t<button class=\"l-popup-closer\" type=\"button\" aria-label=\"Close\"><\/button>\r\n\t\t\t\t<div class=\"l-popup-box\">\r\n\t\t\t<div class=\"l-popup-box-content\" style=\"max-width:600px;\">\r\n\t\t\t\t<div class=\"g-preloader type_custom\">\r\n\t\t\t\t\t<div><img loading=\"lazy\" decoding=\"async\" width=\"100\" height=\"100\" src=\"https:\/\/www.packners.com\/wp-content\/uploads\/2025\/10\/Packners-Favicon.webp\" class=\"attachment-medium size-medium\" alt=\"\"><\/div>\r\n\t\t\t\t<\/div>\r\n\t\t\t\t<iframe class=\"l-popup-box-content-frame\" allowfullscreen><\/iframe>\r\n\t\t\t<\/div>\r\n\t\t<\/div>\r\n\t<\/div>\r\n<\/div>\r\n<div class=\"g-loadmore hidden\"><div class=\"g-preloader type_1\"><div><\/div><\/div><\/div><div class=\"w-grid-list-json hidden\" onclick='return {\"max_num_pages\":0,\"paginationBase\":\"page\",\"pagination\":\"none\",\"paged\":1,\"ajaxData\":{\"action\":\"us_ajax_post_list\",\"meta_type\":\"post\",\"object_id\":0,\"template_vars\":{\"shortcode_base\":\"us_post_list\",\"paged\":1,\"max_num_pages\":0,\"no_results\":false,\"us_post_content_design_css\":[],\"found_posts\":0,\"items_count\":1,\"source\":\"post__in\",\"custom_field_name\":\"\",\"ids\":\"873\",\"post_type\":\"post\",\"attachment_ids\":null,\"include_post_thumbnail\":0,\"post_author\":\"any\",\"post_author_ids\":\"\",\"apply_url_params\":0,\"ignore_sticky_posts\":1,\"exclude_children\":0,\"exclude_current_post\":1,\"exclude_prev_posts\":0,\"exclude_past_events\":0,\"enable_items_offset\":0,\"items_offset\":\"1\",\"tax_query_relation\":\"none\",\"tax_query\":[{\"operator\":\"IN\",\"taxonomy\":\"category\",\"terms\":\"\",\"include_children\":0}],\"meta_query_relation\":\"none\",\"meta_query\":[{\"key\":\"custom_field_name\",\"compare\":\"=\",\"value\":\"\"}],\"orderby\":\"date\",\"orderby_custom_field\":\"\",\"orderby_custom_type\":0,\"order_invert\":0,\"show_all\":0,\"quantity\":\"1\",\"posts_per_archive_page\":0,\"no_items_action\":\"message\",\"no_items_message\":\"No results found.\",\"no_items_page_block\":\"\",\"pagination\":\"none\",\"pagination_style\":\"\",\"pagination_btn_text\":\"Load More\",\"pagination_btn_size\":\"\",\"pagination_btn_style\":\"1\",\"pagination_btn_fullwidth\":0,\"items_layout\":\"879\",\"type\":\"grid\",\"items_valign\":0,\"ignore_items_size\":0,\"columns\":\"1\",\"items_gap\":\"1.5rem\",\"load_animation\":\"none\",\"items_preload_style\":\"spinner\",\"img_size\":\"default\",\"title_size\":\"\",\"items_ratio\":\"16x9\",\"items_ratio_width\":\"21\",\"items_ratio_height\":\"9\",\"overriding_link\":\"%7B%22type%22%3A%22popup_post%22%7D\",\"popup_page_template\":\"0\",\"popup_width\":\"600px\",\"popup_arrows\":\"0\",\"breakpoint_1_width\":\"1381px\",\"breakpoint_1_cols\":\"default\",\"breakpoint_1_quantity\":\"\",\"breakpoint_1_gap\":\"\",\"breakpoint_2_width\":\"1025px\",\"breakpoint_2_cols\":\"2\",\"breakpoint_2_quantity\":\"\",\"breakpoint_2_gap\":\"\",\"breakpoint_3_width\":\"601px\",\"breakpoint_3_cols\":\"1\",\"breakpoint_3_quantity\":\"\",\"breakpoint_3_gap\":\"\",\"conditions_operator\":\"always\",\"conditions\":[],\"css\":null,\"el_class\":\"\",\"el_id\":\"\",\"enable_custom_html_atts\":0,\"custom_html_atts\":null,\"hide_on_states\":\"\",\"hide_for_sticky\":0,\"hide_for_not_sticky\":0,\"hide_below\":\"0px\",\"hide_above\":\"0px\",\"classes\":\"\"}},\"facetedFilter\":[]}'><\/div><\/div><\/div><\/div><\/div><div class=\"vc_col-sm-8 wpb_column vc_column_container\"><div class=\"vc_column-inner\"><div class=\"wpb_wrapper\"><div class=\"wpb_text_column\"><div class=\"wpb_wrapper\"><h2 class=\"p1\">That\u2019s the truth.<\/h2>\n<p class=\"p1\">We set out to make our customers happy. Because happy customers also mean a happy Packners. But how do you achieve this highest level of satisfaction? For us, it\u2019s clear: we always want to be a little better than the others. That means good prices, the best quality, triple reliability, and the friendliest and most motivated employees you can find. But it also means working on your efficiency every day.     <\/p>\n<p class=\"p1\"><strong>We rely on innovation, investment, and our commitment when it comes to remaining future-proof and competitive.<\/strong><\/p>\n<\/div><\/div><\/div><\/div><\/div><\/div><\/div><\/div><\/div><\/div><\/div><\/section><section class=\"l-section wpb_row height_medium\"><div class=\"l-section-h i-cf\"><div class=\"g-cols vc_row via_flex valign_top type_default stacking_default\"><div class=\"vc_col-sm-12 wpb_column vc_column_container\"><div class=\"vc_column-inner\"><div class=\"wpb_wrapper\"><div class=\"w-actionbox us_custom_7a55a902 has_text_color color_primary controls_right\"><div class=\"w-actionbox-text\"><h3 class=\"w-actionbox-title\">Is that enough?<\/h3><div class=\"w-actionbox-description\"><p><strong>No, right?<\/strong><\/p>\n<p>We can imagine that you now feel a spontaneous urge to contact us, so nothing could be easier! We have placed the button for this purpose\u2014just click on it.<\/p>\n<\/div><\/div><div class=\"w-actionbox-controls\"><a class=\"w-btn us-btn-style_1\" href=\"https:\/\/www.packners.com\/en\/contact\/#start\"><span class=\"w-btn-label\">Contact<\/span><\/a><\/div><\/div><\/div><\/div><\/div><\/div><\/div><\/section>\n","protected":false},"excerpt":{"rendered":"We don&#8217;t chisel history in stone, we write it on cardboard. Packners and the Clever Box, a contemporary history that begins in 105 AD: 105 AD1871 AD1948 AD1971 AD2007 AD2009 AD2010 AD2010 AD2015 AD2019 AD2021 AD2023 AD105 ADThe invention of paper is attributed to Cai Lun, although there are finds from China that have been...","protected":false},"author":2,"featured_media":2977,"parent":0,"menu_order":0,"comment_status":"closed","ping_status":"closed","template":"","meta":{"_acf_changed":false,"footnotes":""},"class_list":["post-2197","page","type-page","status-publish","has-post-thumbnail","hentry"],"acf":[],"_links":{"self":[{"href":"https:\/\/www.packners.com\/en\/wp-json\/wp\/v2\/pages\/2197","targetHints":{"allow":["GET"]}}],"collection":[{"href":"https:\/\/www.packners.com\/en\/wp-json\/wp\/v2\/pages"}],"about":[{"href":"https:\/\/www.packners.com\/en\/wp-json\/wp\/v2\/types\/page"}],"author":[{"embeddable":true,"href":"https:\/\/www.packners.com\/en\/wp-json\/wp\/v2\/users\/2"}],"replies":[{"embeddable":true,"href":"https:\/\/www.packners.com\/en\/wp-json\/wp\/v2\/comments?post=2197"}],"version-history":[{"count":15,"href":"https:\/\/www.packners.com\/en\/wp-json\/wp\/v2\/pages\/2197\/revisions"}],"predecessor-version":[{"id":2979,"href":"https:\/\/www.packners.com\/en\/wp-json\/wp\/v2\/pages\/2197\/revisions\/2979"}],"wp:featuredmedia":[{"embeddable":true,"href":"https:\/\/www.packners.com\/en\/wp-json\/wp\/v2\/media\/2977"}],"wp:attachment":[{"href":"https:\/\/www.packners.com\/en\/wp-json\/wp\/v2\/media?parent=2197"}],"curies":[{"name":"wp","href":"https:\/\/api.w.org\/{rel}","templated":true}]}}