{"id":2161,"date":"2025-10-29T08:21:29","date_gmt":"2025-10-29T07:21:29","guid":{"rendered":"https:\/\/p-afkfsz.project.space\/locations\/"},"modified":"2026-01-29T14:27:35","modified_gmt":"2026-01-29T13:27:35","slug":"locations","status":"publish","type":"page","link":"https:\/\/www.packners.com\/en\/locations\/","title":{"rendered":"Locations"},"content":{"rendered":"<section class=\"l-section wpb_row height_huge width_full with_img\"><div class=\"l-section-img\" role=\"img\" aria-label=\"\u00dcbersicht \u00fcber die Produktionshalle mit mehreren Kartonverarbeitungsmaschinen\" data-img-width=\"1200\" data-img-height=\"675\" style=\"background-image: url(https:\/\/www.packners.com\/wp-content\/uploads\/2026\/01\/packners-produktionshalle-uebersicht.webp);\"><\/div><div class=\"l-section-h i-cf\"><div class=\"g-cols vc_row via_flex valign_top type_default stacking_default\"><div class=\"vc_col-sm-12 wpb_column vc_column_container\"><div class=\"vc_column-inner\"><div class=\"wpb_wrapper\"><div class=\"w-separator size_custom\" style=\"height:300px\"><\/div><\/div><\/div><\/div><\/div><\/div><\/section><section class=\"l-section wpb_row height_medium\"><div class=\"l-section-h i-cf\"><div class=\"g-cols vc_row via_flex valign_top type_default stacking_default\"><div class=\"vc_col-sm-12 wpb_column vc_column_container\"><div class=\"vc_column-inner us_custom_de366d1c us_animate_this\"><div class=\"wpb_wrapper\"><h1 class=\"w-text us_custom_2d4ca578 has_text_color\"><span class=\"w-text-h\"><span class=\"w-text-value\">Our locations in Emsb\u00fcren and Coevorden<\/span><\/span><\/h1><div class=\"wpb_text_column\"><div class=\"wpb_wrapper\"><h2 class=\"h1-like\" style=\"text-align: center;\">STRONG AS A MIXED DOUBLE IN CORRUGATED CARDBOARD!<\/h2>\n<\/div><\/div><div class=\"w-separator size_medium\"><\/div><div class=\"g-cols wpb_row via_flex valign_top type_default stacking_default\"><div class=\"vc_col-sm-8 wpb_column vc_column_container\"><div class=\"vc_column-inner us_custom_60e9caca us_animate_this\"><div class=\"wpb_wrapper\"><div class=\"wpb_text_column\"><div class=\"wpb_wrapper\"><p data-start=\"74\" data-end=\"554\"><strong>We are convinced that it is not possible to efficiently produce large and small volumes in the same plant because completely different processes and machines are required. <\/strong><\/p>\n<p data-start=\"74\" data-end=\"554\">That is why we are making a clear commitment to both locations, which are 70 km apart on either side of the German-Dutch border: to Emsb\u00fcren \u2013 formerly based in Sch\u00fcttorf until the end of 2023 \u2013 and to its sister plant in Coevorden, also known as Bannink Packaging.<\/p>\n<p data-start=\"556\" data-end=\"721\">Together, we are located in the heart of Europe. And all the highways and country roads in the world are open to us, allowing us to deliver our corrugated cardboard wherever you need it. <\/p>\n<p data-start=\"723\" data-end=\"808\" data-is-last-node=\"\" data-is-only-node=\"\"><strong>Conclusion: You can ignore us and the \u201csmart box\u201d\u2014but why would you want to?!<\/strong><\/p>\n<\/div><\/div><div class=\"w-separator size_small\"><\/div><div class=\"w-btn-wrapper align_left\"><a class=\"w-btn us-btn-style_1\" href=\"https:\/\/www.packners.com\/en\/contact\/#start\"><span class=\"w-btn-label\">Contact<\/span><\/a><\/div><\/div><\/div><\/div><div class=\"vc_col-sm-4 wpb_column vc_column_container\"><div class=\"vc_column-inner us_custom_60e9caca us_animate_this\"><div class=\"wpb_wrapper\"><div class=\"w-image align_none\"><div class=\"w-image-h\"><img decoding=\"async\" width=\"600\" height=\"600\" src=\"https:\/\/www.packners.com\/wp-content\/uploads\/2026\/01\/standorte-packners-coevorden-emsbueren.webp\" class=\"attachment-large size-large\" alt=\"Karton-Karte mit Markierungen und Pfeilen: Standorte \u201eCoevorden\u201c und \u201eEmsb\u00fcren\u201c.\" loading=\"lazy\" srcset=\"https:\/\/www.packners.com\/wp-content\/uploads\/2026\/01\/standorte-packners-coevorden-emsbueren.webp 600w, https:\/\/www.packners.com\/wp-content\/uploads\/2026\/01\/standorte-packners-coevorden-emsbueren-300x300.webp 300w, https:\/\/www.packners.com\/wp-content\/uploads\/2026\/01\/standorte-packners-coevorden-emsbueren-150x150.webp 150w, https:\/\/www.packners.com\/wp-content\/uploads\/2026\/01\/standorte-packners-coevorden-emsbueren-80x80.webp 80w, https:\/\/www.packners.com\/wp-content\/uploads\/2026\/01\/standorte-packners-coevorden-emsbueren-400x400.webp 400w, https:\/\/www.packners.com\/wp-content\/uploads\/2026\/01\/standorte-packners-coevorden-emsbueren-60x60.webp 60w\" sizes=\"auto, (max-width: 600px) 100vw, 600px\"><\/div><\/div><\/div><\/div><\/div><\/div><\/div><\/div><\/div><\/div><\/div><\/section><section class=\"l-section wpb_row us_custom_eac59c77 height_small\"><div class=\"l-section-h i-cf\"><div class=\"g-cols vc_row via_flex valign_top type_default stacking_default\"><div class=\"vc_col-sm-12 wpb_column vc_column_container\"><div class=\"vc_column-inner\"><div class=\"wpb_wrapper\"><div class=\"g-cols wpb_row via_flex valign_top type_default stacking_default\"><div class=\"vc_col-sm-4 wpb_column vc_column_container\"><div class=\"vc_column-inner\"><div class=\"wpb_wrapper\"><div class=\"w-flipbox animation_cardflip direction_w\"><div class=\"w-flipbox-h easing_ease\" style=\"transition-duration:0.5s;\"><div class=\"w-flipbox-hh\"><div class=\"w-flipbox-front us_custom_786c2fa4\" style=\"background-image:url(https:\/\/www.packners.com\/wp-content\/uploads\/2026\/01\/packners-produktionsstandort-luftaufnahme-solar-logistik-1024x576.webp);\"><div class=\"w-flipbox-front-h\"><h3 class=\"w-flipbox-front-title\">Emsb\u00fcren<\/h3><div class=\"w-flipbox-front-desc\"><p>(Germany)<\/p>\n<\/div><\/div><\/div><div class=\"w-flipbox-back us_custom_786c2fa4\" style=\"display:none;background:var(--color-chrome-toolbar);\"><div class=\"w-flipbox-back-h\"><h4 class=\"w-flipbox-back-title\">Emsb\u00fcren<\/h4><div class=\"w-flipbox-back-desc\"><p>Welcome to one of Europe's most modern corrugated cardboard factories.<\/p>\n<\/div><\/div><\/div><\/div><\/div><a href=\"https:\/\/www.packners.com\/en\/locations\/emsbueren\/\"><\/a><\/div><\/div><\/div><\/div><div class=\"vc_col-sm-4 wpb_column vc_column_container\"><div class=\"vc_column-inner\"><div class=\"wpb_wrapper\"><div class=\"w-flipbox animation_cardflip direction_w\"><div class=\"w-flipbox-h easing_ease\" style=\"transition-duration:0.5s;\"><div class=\"w-flipbox-hh\"><div class=\"w-flipbox-front us_custom_786c2fa4\" style=\"background-image:url(https:\/\/www.packners.com\/wp-content\/uploads\/2026\/01\/bannink-gollekarton-werk-coevorden-luftaufnahme-sommerlich-1024x576.webp);\"><div class=\"w-flipbox-front-h\"><h3 class=\"w-flipbox-front-title\">Coevorden<\/h3><div class=\"w-flipbox-front-desc\"><p>(Netherlands)<\/p>\n<\/div><\/div><\/div><div class=\"w-flipbox-back us_custom_786c2fa4\" style=\"display:none;background:var(--color-chrome-toolbar);\"><div class=\"w-flipbox-back-h\"><h4 class=\"w-flipbox-back-title\">Coevorden<\/h4><div class=\"w-flipbox-back-desc\"><p>\u201cWelcome\u201d to Coevorden, corrugated cardboard processor with experience since 1968<\/p>\n<\/div><\/div><\/div><\/div><\/div><a href=\"https:\/\/www.packners.com\/en\/locations\/coevorden\/\"><\/a><\/div><\/div><\/div><\/div><div class=\"vc_col-sm-4 wpb_column vc_column_container\"><div class=\"vc_column-inner\"><div class=\"wpb_wrapper\"><div class=\"w-flipbox animation_cardflip direction_w\"><div class=\"w-flipbox-h easing_ease\" style=\"transition-duration:0.5s;\"><div class=\"w-flipbox-hh\"><div class=\"w-flipbox-front us_custom_786c2fa4\" style=\"background-image:url(https:\/\/www.packners.com\/wp-content\/uploads\/2026\/01\/packners-papp-globus-nachhaltigkeit-international-1024x576.webp);\"><div class=\"w-flipbox-front-h\"><h3 class=\"w-flipbox-front-title\">International<\/h3><div class=\"w-flipbox-front-desc\"><p>(Europe)<\/p>\n<\/div><\/div><\/div><div class=\"w-flipbox-back us_custom_786c2fa4\" style=\"display:none;background:var(--color-chrome-toolbar);\"><div class=\"w-flipbox-back-h\"><h4 class=\"w-flipbox-back-title\">International<\/h4><div class=\"w-flipbox-back-desc\"><p>We also deliver to other locations throughout Europe.<\/p>\n<\/div><\/div><\/div><\/div><\/div><a href=\"https:\/\/www.packners.com\/en\/locations\/international\/\"><\/a><\/div><\/div><\/div><\/div><\/div><\/div><\/div><\/div><\/div><\/div><\/section><section class=\"l-section wpb_row height_medium\"><div class=\"l-section-h i-cf\"><div class=\"g-cols vc_row via_flex valign_top type_default stacking_default\"><div class=\"vc_col-sm-12 wpb_column vc_column_container\"><div class=\"vc_column-inner\"><div class=\"wpb_wrapper\"><div class=\"w-text us_custom_f40f8a16 has_text_color\"><span class=\"w-text-h\"><span class=\"w-text-value\">Welcome to PACKNERS<\/span><\/span><\/div><div class=\"wpb_text_column h1-like\"><div class=\"wpb_wrapper\"><p style=\"text-align: left;\">Contact information<\/p>\n<\/div><\/div><div class=\"w-separator size_small\"><\/div><div class=\"w-tabs layout_hor style_trendy switch_click has_scrolling\" style=\"--sections-title-size:1em\"><div class=\"w-tabs-list items_2 align_none\"><div class=\"w-tabs-list-h\"><button class=\"w-tabs-item active\" aria-controls=\"content-ka76\" aria-expanded=\"false\"><span class=\"w-tabs-item-title\">Emsb\u00fcren<\/span><\/button><button class=\"w-tabs-item\" aria-controls=\"content-b281\" aria-expanded=\"false\"><span class=\"w-tabs-item-title\">Coevorden<\/span><\/button><\/div><\/div><div class=\"w-tabs-sections titles-align_none icon_none\"><div class=\"w-tabs-section active\" id=\"ka76\"><button class=\"w-tabs-section-header active\" aria-controls=\"content-ka76\" aria-expanded=\"true\"><div class=\"w-tabs-section-title\">Emsb\u00fcren<\/div><div class=\"w-tabs-section-control\"><\/div><\/button><div class=\"w-tabs-section-content\" id=\"content-ka76\"><div class=\"w-tabs-section-content-h i-cf\"><div class=\"g-cols wpb_row via_flex valign_top type_default stacking_default\"><div class=\"vc_col-sm-6 wpb_column vc_column_container\"><div class=\"vc_column-inner\"><div class=\"wpb_wrapper\"><div class=\"wpb_text_column\"><div class=\"wpb_wrapper\"><p class=\"elementToProof\"><strong>You can find us in the new Emslandpark-Ost industrial park, located at the A30\/A31 motorway interchange. <\/strong><span>Until the end of 2023, our factory was located in nearby Sch\u00fcttorf for many years, clearly visible directly on the highway\u2014just so you\u2019re not confused.<\/span><\/p>\n<\/div><\/div><div class=\"w-separator size_small\"><\/div><div class=\"w-iconbox iconpos_left style_default color_primary align_left no_text\"><div class=\"w-iconbox-icon\" style=\"font-size:2rem;\"><i class=\"fas fa-road\"><\/i><\/div><div class=\"w-iconbox-meta\"><h5 class=\"w-iconbox-title\">Lise-Meitner-Stra\u00dfe 7-11<\/h5><\/div><\/div><div class=\"w-separator size_small\"><\/div><div class=\"w-iconbox iconpos_left style_default color_primary align_left no_text\"><div class=\"w-iconbox-icon\" style=\"font-size:2rem;\"><i class=\"fas fa-address-book\"><\/i><\/div><div class=\"w-iconbox-meta\"><h5 class=\"w-iconbox-title\">D \u2013 48488 Emsb\u00fcren<\/h5><\/div><\/div><div class=\"w-separator size_small\"><\/div><div class=\"w-iconbox iconpos_left style_default color_primary align_left no_text\"><a href=\"tel:+49%205903%2093547-0\" class=\"w-iconbox-link\" aria-label=\"+49 5903 93547-0\"><div class=\"w-iconbox-icon\" style=\"font-size:2rem;\"><i class=\"fas fa-phone\"><\/i><\/div><\/a><div class=\"w-iconbox-meta\"><h5 class=\"w-iconbox-title\"><a href=\"tel:+49%205903%2093547-0\" class=\"w-iconbox-link\" aria-label=\"+49 5903 93547-0\">+49 5903 93547-0<\/a><\/h5><\/div><\/div><div class=\"w-separator size_small\"><\/div><div class=\"w-iconbox iconpos_left style_default color_primary align_left no_text\"><a href=\"mailto:info@packners.com\" class=\"w-iconbox-link\" aria-label=\"info@packners.com\"><div class=\"w-iconbox-icon\" style=\"font-size:2rem;\"><i class=\"fas fa-envelope\"><\/i><\/div><\/a><div class=\"w-iconbox-meta\"><h5 class=\"w-iconbox-title\"><a href=\"mailto:info@packners.com\" class=\"w-iconbox-link\" aria-label=\"info@packners.com\">info@packners.com<\/a><\/h5><\/div><\/div><\/div><\/div><\/div><div class=\"vc_col-sm-6 wpb_column vc_column_container\"><div class=\"vc_column-inner\"><div class=\"wpb_wrapper\"><div class=\"w-image has_ratio align_none\"><div class=\"w-image-h\"><div style=\"padding-bottom:56.25%\"><\/div><img decoding=\"async\" width=\"1024\" height=\"576\" src=\"https:\/\/www.packners.com\/wp-content\/uploads\/2026\/01\/packners-produktionsstandort-luftaufnahme-logistikzentrum.webp-1024x576.webp\" class=\"attachment-large size-large\" alt=\"Luftaufnahme des neuen Packners Werks mit gro\u00dffl\u00e4chigen Solaranlagen auf dem Dach und Lkw-Verladezonen im l\u00e4ndlichen Umfeld\" loading=\"lazy\"><\/div><\/div><\/div><\/div><\/div><\/div><\/div><\/div><\/div><div class=\"w-tabs-section\" id=\"b281\"><button class=\"w-tabs-section-header\" aria-controls=\"content-b281\" aria-expanded=\"false\"><div class=\"w-tabs-section-title\">Coevorden<\/div><div class=\"w-tabs-section-control\"><\/div><\/button><div class=\"w-tabs-section-content\" id=\"content-b281\"><div class=\"w-tabs-section-content-h i-cf\"><div class=\"g-cols wpb_row via_flex valign_top type_default stacking_default\"><div class=\"vc_col-sm-6 wpb_column vc_column_container\"><div class=\"vc_column-inner\"><div class=\"wpb_wrapper\"><div class=\"wpb_text_column\"><div class=\"wpb_wrapper\"><p><span><strong>Our sister plant, also a highly experienced corrugated cardboard processor, is located in Coevorden (province of Drenthe, Netherlands).<\/strong> 70 km from Emsb\u00fcren and known on the market for decades under the name Bannink Packaging.<\/span><\/p>\n<\/div><\/div><div class=\"w-separator size_small\"><\/div><div class=\"w-iconbox iconpos_left style_default color_primary align_left no_text\"><div class=\"w-iconbox-icon\" style=\"font-size:2rem;\"><i class=\"fas fa-road\"><\/i><\/div><div class=\"w-iconbox-meta\"><h5 class=\"w-iconbox-title\">Vosmatenweg 1<\/h5><\/div><\/div><div class=\"w-separator size_small\"><\/div><div class=\"w-iconbox iconpos_left style_default color_primary align_left no_text\"><div class=\"w-iconbox-icon\" style=\"font-size:2rem;\"><i class=\"fas fa-address-book\"><\/i><\/div><div class=\"w-iconbox-meta\"><h5 class=\"w-iconbox-title\">NL \u2013 7742 SX Coevorden<\/h5><\/div><\/div><div class=\"w-separator size_small\"><\/div><div class=\"w-iconbox iconpos_left style_default color_primary align_left no_text\"><a href=\"tel:+31%20524%20599599\" class=\"w-iconbox-link\" aria-label=\"+31 524 599599\"><div class=\"w-iconbox-icon\" style=\"font-size:2rem;\"><i class=\"fas fa-phone\"><\/i><\/div><\/a><div class=\"w-iconbox-meta\"><h5 class=\"w-iconbox-title\"><a href=\"tel:+31%20524%20599599\" class=\"w-iconbox-link\" aria-label=\"+31 524 599599\">+31 524 599599<\/a><\/h5><\/div><\/div><div class=\"w-separator size_small\"><\/div><div class=\"w-iconbox iconpos_left style_default color_primary align_left no_text\"><a href=\"mailto:info@bannink.nl\" class=\"w-iconbox-link\" aria-label=\"info@bannink.nl\"><div class=\"w-iconbox-icon\" style=\"font-size:2rem;\"><i class=\"fas fa-envelope\"><\/i><\/div><\/a><div class=\"w-iconbox-meta\"><h5 class=\"w-iconbox-title\"><a href=\"mailto:info@bannink.nl\" class=\"w-iconbox-link\" aria-label=\"info@bannink.nl\">info@bannink.nl<\/a><\/h5><\/div><\/div><\/div><\/div><\/div><div class=\"vc_col-sm-6 wpb_column vc_column_container\"><div class=\"vc_column-inner\"><div class=\"wpb_wrapper\"><div class=\"w-image has_ratio align_none\"><div class=\"w-image-h\"><div style=\"padding-bottom:56.25%\"><\/div><img decoding=\"async\" width=\"1024\" height=\"576\" src=\"https:\/\/www.packners.com\/wp-content\/uploads\/2026\/01\/packners-standort-niederlande-luftaufnahme-sonnenuntergang-1024x576.webp\" class=\"attachment-large size-large\" alt=\"Aereal view of a production site at sundown\" loading=\"lazy\"><\/div><\/div><\/div><\/div><\/div><\/div><\/div><\/div><\/div><\/div><\/div><\/div><\/div><\/div><\/div><\/div><\/section>\n","protected":false},"excerpt":{"rendered":"Our locations in Emsb\u00fcren and CoevordenSTRONG AS A MIXED DOUBLE IN CORRUGATED CARDBOARD! We are convinced that it is not possible to efficiently produce large and small volumes in the same plant because completely different processes and machines are required. That is why we are making a clear commitment to both locations, which are 70...","protected":false},"author":2,"featured_media":2347,"parent":0,"menu_order":0,"comment_status":"closed","ping_status":"closed","template":"","meta":{"_acf_changed":false,"footnotes":""},"class_list":["post-2161","page","type-page","status-publish","has-post-thumbnail","hentry"],"acf":[],"_links":{"self":[{"href":"https:\/\/www.packners.com\/en\/wp-json\/wp\/v2\/pages\/2161","targetHints":{"allow":["GET"]}}],"collection":[{"href":"https:\/\/www.packners.com\/en\/wp-json\/wp\/v2\/pages"}],"about":[{"href":"https:\/\/www.packners.com\/en\/wp-json\/wp\/v2\/types\/page"}],"author":[{"embeddable":true,"href":"https:\/\/www.packners.com\/en\/wp-json\/wp\/v2\/users\/2"}],"replies":[{"embeddable":true,"href":"https:\/\/www.packners.com\/en\/wp-json\/wp\/v2\/comments?post=2161"}],"version-history":[{"count":16,"href":"https:\/\/www.packners.com\/en\/wp-json\/wp\/v2\/pages\/2161\/revisions"}],"predecessor-version":[{"id":2920,"href":"https:\/\/www.packners.com\/en\/wp-json\/wp\/v2\/pages\/2161\/revisions\/2920"}],"wp:featuredmedia":[{"embeddable":true,"href":"https:\/\/www.packners.com\/en\/wp-json\/wp\/v2\/media\/2347"}],"wp:attachment":[{"href":"https:\/\/www.packners.com\/en\/wp-json\/wp\/v2\/media?parent=2161"}],"curies":[{"name":"wp","href":"https:\/\/api.w.org\/{rel}","templated":true}]}}